{"id":5306,"date":"2020-12-05T00:09:23","date_gmt":"2020-12-05T00:09:23","guid":{"rendered":"https:\/\/buchetecriogenate.ro\/?page_id=5306"},"modified":"2020-12-05T00:10:26","modified_gmt":"2020-12-05T00:10:26","slug":"utilizarea-cookie-urilor","status":"publish","type":"page","link":"https:\/\/buchetecriogenate.ro\/en\/utilizarea-cookie-urilor\/","title":{"rendered":"Utilizarea cookie-urilor"},"content":{"rendered":"<div data-elementor-type=\"wp-page\" data-elementor-id=\"5306\" class=\"elementor elementor-5306\">\n\t\t\t\t\t\t<section class=\"elementor-section elementor-top-section elementor-element elementor-element-4a476ae elementor-section-boxed elementor-section-height-default elementor-section-height-default mkdf-parallax-row-no mkdf-content-aligment-left mkdf-row-grid-no mkdf-disabled-bg-image-bellow-no\" data-id=\"4a476ae\" data-element_type=\"section\">\n\t\t\t\t\t\t<div class=\"elementor-container elementor-column-gap-default\">\n\t\t\t\t\t<div class=\"elementor-column elementor-col-100 elementor-top-column elementor-element elementor-element-5f60269\" data-id=\"5f60269\" data-element_type=\"column\">\n\t\t\t<div class=\"elementor-widget-wrap elementor-element-populated\">\n\t\t\t\t\t\t<div class=\"elementor-element elementor-element-27e5fe6 elementor-widget elementor-widget-text-editor\" data-id=\"27e5fe6\" data-element_type=\"widget\" data-widget_type=\"text-editor.default\">\n\t\t\t\t<div class=\"elementor-widget-container\">\n\t\t\t\t\t\t\t<p><span style=\"font-weight: 400;\">Prezentare general\u0103 a confiden\u021bialit\u0103\u021bii<\/span><\/p><p><span style=\"font-weight: 400;\">Acest site web folose\u0219te cookie-uri pentru a v\u0103 \u00eembun\u0103t\u0103\u021bi experien\u021ba \u00een timp ce naviga\u021bi pe site. Din aceste cookie-uri, cookie-urile care sunt clasificate ca fiind necesare sunt stocate pe browserul dvs. deoarece sunt esen\u021biale pentru func\u021bionarea func\u021bionalit\u0103\u021bilor de baz\u0103 ale site-ului. De asemenea, folosim cookie-uri ter\u021be care ne ajut\u0103 s\u0103 analiz\u0103m \u0219i s\u0103 \u00een\u021belegem cum utiliza\u021bi acest site web. Aceste cookie-uri vor fi stocate \u00een browserul dvs. doar cu acordul dumneavoastr\u0103. De asemenea, ave\u021bi op\u021biunea de a renun\u021ba la aceste cookie-uri. Dar renun\u021barea la unele dintre aceste cookie-uri poate avea un efect asupra experien\u021bei dvs. de navigare.<\/span><\/p><p><span style=\"font-weight: 400;\">Cookie-urile necesare sunt absolut esen\u021biale pentru ca site-ul s\u0103 func\u021bioneze corect. Aceast\u0103 categorie include numai cookie-uri care asigur\u0103 func\u021bionalit\u0103\u021bi de baz\u0103 \u0219i caracteristici de securitate ale site-ului. Aceste cookie-uri nu stocheaz\u0103 nici o informa\u021bie personal\u0103.<\/span><\/p><p><span style=\"font-weight: 400;\">Orice cookie-uri care nu pot fi deosebit de necesare pentru func\u021bionarea site-ului web \u0219i sunt utilizate special pentru colectarea datelor cu caracter personal ale utilizatorului prin intermediul analizelor, anun\u021burilor \u0219i al altor con\u021binuturi \u00eencorporate sunt denumite cookie-uri inutile. Este obligatoriu s\u0103 ob\u021bine\u021bi consim\u021b\u0103m\u00e2ntul utilizatorului \u00eenainte de a rula aceste cookie-uri pe site-ul dvs. web.<\/span><\/p>\t\t\t\t\t\t<\/div>\n\t\t\t\t<\/div>\n\t\t\t\t\t<\/div>\n\t\t<\/div>\n\t\t\t\t\t<\/div>\n\t\t<\/section>\n\t\t\t\t<\/div>","protected":false},"excerpt":{"rendered":"<p>Prezentare general\u0103 a confiden\u021bialit\u0103\u021bii Acest site web folose\u0219te cookie-uri pentru a v\u0103 \u00eembun\u0103t\u0103\u021bi experien\u021ba \u00een timp ce naviga\u021bi pe site. Din aceste cookie-uri, cookie-urile care sunt clasificate ca fiind necesare sunt stocate pe browserul dvs. deoarece sunt esen\u021biale pentru func\u021bionarea [&hellip;]<\/p>","protected":false},"author":1,"featured_media":0,"parent":0,"menu_order":0,"comment_status":"closed","ping_status":"closed","template":"","meta":[],"yoast_head":"<!-- This site is optimized with the Yoast SEO plugin v21.5 - https:\/\/yoast.com\/wordpress\/plugins\/seo\/ -->\n<title>Utilizarea cookie-urilor - Buchete Criogenate<\/title>\n<meta name=\"robots\" content=\"index, follow, max-snippet:-1, max-image-preview:large, max-video-preview:-1\" \/>\n<link rel=\"canonical\" href=\"https:\/\/buchetecriogenate.ro\/en\/utilizarea-cookie-urilor\/\" \/>\n<meta property=\"og:locale\" content=\"en_US\" \/>\n<meta property=\"og:type\" content=\"article\" \/>\n<meta property=\"og:title\" content=\"Utilizarea cookie-urilor - Buchete Criogenate\" \/>\n<meta property=\"og:description\" content=\"Prezentare general\u0103 a confiden\u021bialit\u0103\u021bii Acest site web folose\u0219te cookie-uri pentru a v\u0103 \u00eembun\u0103t\u0103\u021bi experien\u021ba \u00een timp ce naviga\u021bi pe site. Din aceste cookie-uri, cookie-urile care sunt clasificate ca fiind necesare sunt stocate pe browserul dvs. deoarece sunt esen\u021biale pentru func\u021bionarea [&hellip;]\" \/>\n<meta property=\"og:url\" content=\"https:\/\/buchetecriogenate.ro\/en\/utilizarea-cookie-urilor\/\" \/>\n<meta property=\"og:site_name\" content=\"Buchete Criogenate\" \/>\n<meta property=\"article:publisher\" content=\"https:\/\/www.facebook.com\/AmoreMiobyGabrielle\" \/>\n<meta property=\"article:modified_time\" content=\"2020-12-05T00:10:26+00:00\" \/>\n<meta name=\"twitter:card\" content=\"summary_large_image\" \/>\n<meta name=\"twitter:label1\" content=\"Est. reading time\" \/>\n\t<meta name=\"twitter:data1\" content=\"1 minute\" \/>\n<script type=\"application\/ld+json\" class=\"yoast-schema-graph\">{\"@context\":\"https:\/\/schema.org\",\"@graph\":[{\"@type\":\"WebPage\",\"@id\":\"https:\/\/buchetecriogenate.ro\/utilizarea-cookie-urilor\/\",\"url\":\"https:\/\/buchetecriogenate.ro\/utilizarea-cookie-urilor\/\",\"name\":\"Utilizarea cookie-urilor - Buchete Criogenate\",\"isPartOf\":{\"@id\":\"https:\/\/buchetecriogenate.ro\/#website\"},\"datePublished\":\"2020-12-05T00:09:23+00:00\",\"dateModified\":\"2020-12-05T00:10:26+00:00\",\"breadcrumb\":{\"@id\":\"https:\/\/buchetecriogenate.ro\/utilizarea-cookie-urilor\/#breadcrumb\"},\"inLanguage\":\"en-US\",\"potentialAction\":[{\"@type\":\"ReadAction\",\"target\":[\"https:\/\/buchetecriogenate.ro\/utilizarea-cookie-urilor\/\"]}]},{\"@type\":\"BreadcrumbList\",\"@id\":\"https:\/\/buchetecriogenate.ro\/utilizarea-cookie-urilor\/#breadcrumb\",\"itemListElement\":[{\"@type\":\"ListItem\",\"position\":1,\"name\":\"Home\",\"item\":\"https:\/\/buchetecriogenate.ro\/\"},{\"@type\":\"ListItem\",\"position\":2,\"name\":\"Utilizarea cookie-urilor\"}]},{\"@type\":\"WebSite\",\"@id\":\"https:\/\/buchetecriogenate.ro\/#website\",\"url\":\"https:\/\/buchetecriogenate.ro\/\",\"name\":\"Amore-mio\",\"description\":\"Buchete de flori deosebite\",\"publisher\":{\"@id\":\"https:\/\/buchetecriogenate.ro\/#organization\"},\"potentialAction\":[{\"@type\":\"SearchAction\",\"target\":{\"@type\":\"EntryPoint\",\"urlTemplate\":\"https:\/\/buchetecriogenate.ro\/?s={search_term_string}\"},\"query-input\":\"required name=search_term_string\"}],\"inLanguage\":\"en-US\"},{\"@type\":\"Organization\",\"@id\":\"https:\/\/buchetecriogenate.ro\/#organization\",\"name\":\"Amore Mio\",\"url\":\"https:\/\/buchetecriogenate.ro\/\",\"logo\":{\"@type\":\"ImageObject\",\"inLanguage\":\"en-US\",\"@id\":\"https:\/\/buchetecriogenate.ro\/#\/schema\/logo\/image\/\",\"url\":\"https:\/\/buchetecriogenate.ro\/wp-content\/uploads\/2020\/12\/logo-amore-mio-gabrielle.png\",\"contentUrl\":\"https:\/\/buchetecriogenate.ro\/wp-content\/uploads\/2020\/12\/logo-amore-mio-gabrielle.png\",\"width\":1090,\"height\":515,\"caption\":\"Amore Mio\"},\"image\":{\"@id\":\"https:\/\/buchetecriogenate.ro\/#\/schema\/logo\/image\/\"},\"sameAs\":[\"https:\/\/www.facebook.com\/AmoreMiobyGabrielle\",\"https:\/\/www.instagram.com\/amoremio.ro\/\"]}]}<\/script>\n<!-- \/ Yoast SEO plugin. -->","yoast_head_json":{"title":"Utilizarea cookie-urilor - Buchete Criogenate","robots":{"index":"index","follow":"follow","max-snippet":"max-snippet:-1","max-image-preview":"max-image-preview:large","max-video-preview":"max-video-preview:-1"},"canonical":"https:\/\/buchetecriogenate.ro\/en\/utilizarea-cookie-urilor\/","og_locale":"en_US","og_type":"article","og_title":"Utilizarea cookie-urilor - Buchete Criogenate","og_description":"Prezentare general\u0103 a confiden\u021bialit\u0103\u021bii Acest site web folose\u0219te cookie-uri pentru a v\u0103 \u00eembun\u0103t\u0103\u021bi experien\u021ba \u00een timp ce naviga\u021bi pe site. Din aceste cookie-uri, cookie-urile care sunt clasificate ca fiind necesare sunt stocate pe browserul dvs. deoarece sunt esen\u021biale pentru func\u021bionarea [&hellip;]","og_url":"https:\/\/buchetecriogenate.ro\/en\/utilizarea-cookie-urilor\/","og_site_name":"Buchete Criogenate","article_publisher":"https:\/\/www.facebook.com\/AmoreMiobyGabrielle","article_modified_time":"2020-12-05T00:10:26+00:00","twitter_card":"summary_large_image","twitter_misc":{"Est. reading time":"1 minute"},"schema":{"@context":"https:\/\/schema.org","@graph":[{"@type":"WebPage","@id":"https:\/\/buchetecriogenate.ro\/utilizarea-cookie-urilor\/","url":"https:\/\/buchetecriogenate.ro\/utilizarea-cookie-urilor\/","name":"Utilizarea cookie-urilor - Buchete Criogenate","isPartOf":{"@id":"https:\/\/buchetecriogenate.ro\/#website"},"datePublished":"2020-12-05T00:09:23+00:00","dateModified":"2020-12-05T00:10:26+00:00","breadcrumb":{"@id":"https:\/\/buchetecriogenate.ro\/utilizarea-cookie-urilor\/#breadcrumb"},"inLanguage":"en-US","potentialAction":[{"@type":"ReadAction","target":["https:\/\/buchetecriogenate.ro\/utilizarea-cookie-urilor\/"]}]},{"@type":"BreadcrumbList","@id":"https:\/\/buchetecriogenate.ro\/utilizarea-cookie-urilor\/#breadcrumb","itemListElement":[{"@type":"ListItem","position":1,"name":"Home","item":"https:\/\/buchetecriogenate.ro\/"},{"@type":"ListItem","position":2,"name":"Utilizarea cookie-urilor"}]},{"@type":"WebSite","@id":"https:\/\/buchetecriogenate.ro\/#website","url":"https:\/\/buchetecriogenate.ro\/","name":"Amore-mio","description":"Buchete de flori deosebite","publisher":{"@id":"https:\/\/buchetecriogenate.ro\/#organization"},"potentialAction":[{"@type":"SearchAction","target":{"@type":"EntryPoint","urlTemplate":"https:\/\/buchetecriogenate.ro\/?s={search_term_string}"},"query-input":"required name=search_term_string"}],"inLanguage":"en-US"},{"@type":"Organization","@id":"https:\/\/buchetecriogenate.ro\/#organization","name":"Amore Mio","url":"https:\/\/buchetecriogenate.ro\/","logo":{"@type":"ImageObject","inLanguage":"en-US","@id":"https:\/\/buchetecriogenate.ro\/#\/schema\/logo\/image\/","url":"https:\/\/buchetecriogenate.ro\/wp-content\/uploads\/2020\/12\/logo-amore-mio-gabrielle.png","contentUrl":"https:\/\/buchetecriogenate.ro\/wp-content\/uploads\/2020\/12\/logo-amore-mio-gabrielle.png","width":1090,"height":515,"caption":"Amore Mio"},"image":{"@id":"https:\/\/buchetecriogenate.ro\/#\/schema\/logo\/image\/"},"sameAs":["https:\/\/www.facebook.com\/AmoreMiobyGabrielle","https:\/\/www.instagram.com\/amoremio.ro\/"]}]}},"_links":{"self":[{"href":"https:\/\/buchetecriogenate.ro\/en\/wp-json\/wp\/v2\/pages\/5306"}],"collection":[{"href":"https:\/\/buchetecriogenate.ro\/en\/wp-json\/wp\/v2\/pages"}],"about":[{"href":"https:\/\/buchetecriogenate.ro\/en\/wp-json\/wp\/v2\/types\/page"}],"author":[{"embeddable":true,"href":"https:\/\/buchetecriogenate.ro\/en\/wp-json\/wp\/v2\/users\/1"}],"replies":[{"embeddable":true,"href":"https:\/\/buchetecriogenate.ro\/en\/wp-json\/wp\/v2\/comments?post=5306"}],"version-history":[{"count":5,"href":"https:\/\/buchetecriogenate.ro\/en\/wp-json\/wp\/v2\/pages\/5306\/revisions"}],"predecessor-version":[{"id":5649,"href":"https:\/\/buchetecriogenate.ro\/en\/wp-json\/wp\/v2\/pages\/5306\/revisions\/5649"}],"wp:attachment":[{"href":"https:\/\/buchetecriogenate.ro\/en\/wp-json\/wp\/v2\/media?parent=5306"}],"curies":[{"name":"wp","href":"https:\/\/api.w.org\/{rel}","templated":true}]}}