{"id":4747,"date":"2020-12-04T12:30:13","date_gmt":"2020-12-04T12:30:13","guid":{"rendered":"https:\/\/buchetecriogenate.ro\/index.php\/product\/import-placeholder-for-5633\/"},"modified":"2022-11-08T18:35:14","modified_gmt":"2022-11-08T18:35:14","slug":"trandafir-criogenat-in-cutie","status":"publish","type":"product","link":"https:\/\/buchetecriogenate.ro\/en\/product\/trandafir-criogenat-in-cutie\/","title":{"rendered":"Trandafir criogenat \u00een cutie"},"content":{"rendered":"<p>Trandafirii criogena\u021bi vin \u00een diverse culori \u0219i sunt proteja\u021bi de cutii de lemn realizate manual \u00een atelierul Amore Mio.<br \/>\nFlorile spun pove\u0219ti prin culoarea \u0219i mireasma lor. Astfel, acestea reu\u0219esc s\u0103 transmit\u0103 emo\u021biile mai departe celor dragi. \u0218tim c\u0103 vrei de fiecare dat\u0103 s\u0103 faci  \u201cuna bella figura\u201d. Dar dac\u0103 vrei s\u0103 oferi \u0219i ceva nemuritor, atunci un trandafir criogenat este cadoul perfect. Doar c\u00e2teva dintre culorile pe care un trandafir criogenat le poate avea sunt: ro\u0219u, alb, albastru, galben \u0219i mov.<\/p>","protected":false},"excerpt":{"rendered":"<p>Trandafirii criogena\u021bi vin \u00een diverse culori \u0219i sunt proteja\u021bi de cutii de lemn realizate manual \u00een atelierul Amore Mio.<br \/>\nFlorile spun pove\u0219ti prin culoarea \u0219i mireasma lor. Astfel, acestea reu\u0219esc s\u0103 transmit\u0103 emo\u021biile mai departe celor dragi. \u0218tim c\u0103 vrei de fiecare dat\u0103 s\u0103 faci  \u201cuna bella figura\u201d. Dar dac\u0103 vrei s\u0103 oferi \u0219i ceva nemuritor, atunci un trandafir criogenat este cadoul perfect. Doar c\u00e2teva dintre culorile pe care un trandafir criogenat le poate avea sunt: ro\u0219u, alb, albastru, galben \u0219i mov.<\/p>","protected":false},"featured_media":4974,"comment_status":"open","ping_status":"closed","template":"","meta":[],"product_cat":[70],"product_tag":[],"yoast_head":"<!-- This site is optimized with the Yoast SEO plugin v21.5 - https:\/\/yoast.com\/wordpress\/plugins\/seo\/ -->\n<title>Trandafir criogenat \u00een cutie - Buchete Criogenate - comand\u0103 online<\/title>\n<meta name=\"description\" content=\"Trandafirii criogena\u021bi vin \u00een diverse culori \u0219i sunt proteja\u021bi de cutii, \u00eentregul aranjament fiind realizat manual \u00een atelierul Amore Mio.\" \/>\n<meta name=\"robots\" content=\"index, follow, max-snippet:-1, max-image-preview:large, max-video-preview:-1\" \/>\n<link rel=\"canonical\" href=\"https:\/\/buchetecriogenate.ro\/en\/product\/trandafir-criogenat-in-cutie\/\" \/>\n<meta property=\"og:locale\" content=\"en_US\" \/>\n<meta property=\"og:type\" content=\"article\" \/>\n<meta property=\"og:title\" content=\"Trandafir criogenat \u00een cutie - Buchete Criogenate - comand\u0103 online\" \/>\n<meta property=\"og:description\" content=\"Trandafirii criogena\u021bi vin \u00een diverse culori \u0219i sunt proteja\u021bi de cutii, \u00eentregul aranjament fiind realizat manual \u00een atelierul Amore Mio.\" \/>\n<meta property=\"og:url\" content=\"https:\/\/buchetecriogenate.ro\/en\/product\/trandafir-criogenat-in-cutie\/\" \/>\n<meta property=\"og:site_name\" content=\"Buchete Criogenate\" \/>\n<meta property=\"article:publisher\" content=\"https:\/\/www.facebook.com\/AmoreMiobyGabrielle\" \/>\n<meta property=\"article:modified_time\" content=\"2022-11-08T18:35:14+00:00\" \/>\n<meta property=\"og:image\" content=\"https:\/\/buchetecriogenate.ro\/wp-content\/uploads\/2020\/12\/amore-mio-trandafir-criogenat-cutie-patrata-handmade-roz-scaled.jpg\" \/>\n\t<meta property=\"og:image:width\" content=\"2560\" \/>\n\t<meta property=\"og:image:height\" content=\"1770\" \/>\n\t<meta property=\"og:image:type\" content=\"image\/jpeg\" \/>\n<meta name=\"twitter:card\" content=\"summary_large_image\" \/>\n<script type=\"application\/ld+json\" class=\"yoast-schema-graph\">{\"@context\":\"https:\/\/schema.org\",\"@graph\":[{\"@type\":\"WebPage\",\"@id\":\"https:\/\/buchetecriogenate.ro\/product\/trandafir-criogenat-in-cutie\/\",\"url\":\"https:\/\/buchetecriogenate.ro\/product\/trandafir-criogenat-in-cutie\/\",\"name\":\"Trandafir criogenat \u00een cutie - Buchete Criogenate - comand\u0103 online\",\"isPartOf\":{\"@id\":\"https:\/\/buchetecriogenate.ro\/#website\"},\"datePublished\":\"2020-12-04T12:30:13+00:00\",\"dateModified\":\"2022-11-08T18:35:14+00:00\",\"description\":\"Trandafirii criogena\u021bi vin \u00een diverse culori \u0219i sunt proteja\u021bi de cutii, \u00eentregul aranjament fiind realizat manual \u00een atelierul Amore Mio.\",\"breadcrumb\":{\"@id\":\"https:\/\/buchetecriogenate.ro\/product\/trandafir-criogenat-in-cutie\/#breadcrumb\"},\"inLanguage\":\"en-US\",\"potentialAction\":[{\"@type\":\"ReadAction\",\"target\":[\"https:\/\/buchetecriogenate.ro\/product\/trandafir-criogenat-in-cutie\/\"]}]},{\"@type\":\"BreadcrumbList\",\"@id\":\"https:\/\/buchetecriogenate.ro\/product\/trandafir-criogenat-in-cutie\/#breadcrumb\",\"itemListElement\":[{\"@type\":\"ListItem\",\"position\":1,\"name\":\"Home\",\"item\":\"https:\/\/buchetecriogenate.ro\/\"},{\"@type\":\"ListItem\",\"position\":2,\"name\":\"Shop\",\"item\":\"https:\/\/buchetecriogenate.ro\/shop\/\"},{\"@type\":\"ListItem\",\"position\":3,\"name\":\"Trandafir criogenat \u00een cutie\"}]},{\"@type\":\"WebSite\",\"@id\":\"https:\/\/buchetecriogenate.ro\/#website\",\"url\":\"https:\/\/buchetecriogenate.ro\/\",\"name\":\"Amore-mio\",\"description\":\"Buchete de flori deosebite\",\"publisher\":{\"@id\":\"https:\/\/buchetecriogenate.ro\/#organization\"},\"potentialAction\":[{\"@type\":\"SearchAction\",\"target\":{\"@type\":\"EntryPoint\",\"urlTemplate\":\"https:\/\/buchetecriogenate.ro\/?s={search_term_string}\"},\"query-input\":\"required name=search_term_string\"}],\"inLanguage\":\"en-US\"},{\"@type\":\"Organization\",\"@id\":\"https:\/\/buchetecriogenate.ro\/#organization\",\"name\":\"Amore Mio\",\"url\":\"https:\/\/buchetecriogenate.ro\/\",\"logo\":{\"@type\":\"ImageObject\",\"inLanguage\":\"en-US\",\"@id\":\"https:\/\/buchetecriogenate.ro\/#\/schema\/logo\/image\/\",\"url\":\"https:\/\/buchetecriogenate.ro\/wp-content\/uploads\/2020\/12\/logo-amore-mio-gabrielle.png\",\"contentUrl\":\"https:\/\/buchetecriogenate.ro\/wp-content\/uploads\/2020\/12\/logo-amore-mio-gabrielle.png\",\"width\":1090,\"height\":515,\"caption\":\"Amore Mio\"},\"image\":{\"@id\":\"https:\/\/buchetecriogenate.ro\/#\/schema\/logo\/image\/\"},\"sameAs\":[\"https:\/\/www.facebook.com\/AmoreMiobyGabrielle\",\"https:\/\/www.instagram.com\/amoremio.ro\/\"]}]}<\/script>\n<!-- \/ Yoast SEO plugin. -->","yoast_head_json":{"title":"Trandafir criogenat \u00een cutie - Buchete Criogenate - comand\u0103 online","description":"Trandafirii criogena\u021bi vin \u00een diverse culori \u0219i sunt proteja\u021bi de cutii, \u00eentregul aranjament fiind realizat manual \u00een atelierul Amore Mio.","robots":{"index":"index","follow":"follow","max-snippet":"max-snippet:-1","max-image-preview":"max-image-preview:large","max-video-preview":"max-video-preview:-1"},"canonical":"https:\/\/buchetecriogenate.ro\/en\/product\/trandafir-criogenat-in-cutie\/","og_locale":"en_US","og_type":"article","og_title":"Trandafir criogenat \u00een cutie - Buchete Criogenate - comand\u0103 online","og_description":"Trandafirii criogena\u021bi vin \u00een diverse culori \u0219i sunt proteja\u021bi de cutii, \u00eentregul aranjament fiind realizat manual \u00een atelierul Amore Mio.","og_url":"https:\/\/buchetecriogenate.ro\/en\/product\/trandafir-criogenat-in-cutie\/","og_site_name":"Buchete Criogenate","article_publisher":"https:\/\/www.facebook.com\/AmoreMiobyGabrielle","article_modified_time":"2022-11-08T18:35:14+00:00","og_image":[{"width":2560,"height":1770,"url":"https:\/\/buchetecriogenate.ro\/wp-content\/uploads\/2020\/12\/amore-mio-trandafir-criogenat-cutie-patrata-handmade-roz-scaled.jpg","type":"image\/jpeg"}],"twitter_card":"summary_large_image","schema":{"@context":"https:\/\/schema.org","@graph":[{"@type":"WebPage","@id":"https:\/\/buchetecriogenate.ro\/product\/trandafir-criogenat-in-cutie\/","url":"https:\/\/buchetecriogenate.ro\/product\/trandafir-criogenat-in-cutie\/","name":"Trandafir criogenat \u00een cutie - Buchete Criogenate - comand\u0103 online","isPartOf":{"@id":"https:\/\/buchetecriogenate.ro\/#website"},"datePublished":"2020-12-04T12:30:13+00:00","dateModified":"2022-11-08T18:35:14+00:00","description":"Trandafirii criogena\u021bi vin \u00een diverse culori \u0219i sunt proteja\u021bi de cutii, \u00eentregul aranjament fiind realizat manual \u00een atelierul Amore Mio.","breadcrumb":{"@id":"https:\/\/buchetecriogenate.ro\/product\/trandafir-criogenat-in-cutie\/#breadcrumb"},"inLanguage":"en-US","potentialAction":[{"@type":"ReadAction","target":["https:\/\/buchetecriogenate.ro\/product\/trandafir-criogenat-in-cutie\/"]}]},{"@type":"BreadcrumbList","@id":"https:\/\/buchetecriogenate.ro\/product\/trandafir-criogenat-in-cutie\/#breadcrumb","itemListElement":[{"@type":"ListItem","position":1,"name":"Home","item":"https:\/\/buchetecriogenate.ro\/"},{"@type":"ListItem","position":2,"name":"Shop","item":"https:\/\/buchetecriogenate.ro\/shop\/"},{"@type":"ListItem","position":3,"name":"Trandafir criogenat \u00een cutie"}]},{"@type":"WebSite","@id":"https:\/\/buchetecriogenate.ro\/#website","url":"https:\/\/buchetecriogenate.ro\/","name":"Amore-mio","description":"Buchete de flori deosebite","publisher":{"@id":"https:\/\/buchetecriogenate.ro\/#organization"},"potentialAction":[{"@type":"SearchAction","target":{"@type":"EntryPoint","urlTemplate":"https:\/\/buchetecriogenate.ro\/?s={search_term_string}"},"query-input":"required name=search_term_string"}],"inLanguage":"en-US"},{"@type":"Organization","@id":"https:\/\/buchetecriogenate.ro\/#organization","name":"Amore Mio","url":"https:\/\/buchetecriogenate.ro\/","logo":{"@type":"ImageObject","inLanguage":"en-US","@id":"https:\/\/buchetecriogenate.ro\/#\/schema\/logo\/image\/","url":"https:\/\/buchetecriogenate.ro\/wp-content\/uploads\/2020\/12\/logo-amore-mio-gabrielle.png","contentUrl":"https:\/\/buchetecriogenate.ro\/wp-content\/uploads\/2020\/12\/logo-amore-mio-gabrielle.png","width":1090,"height":515,"caption":"Amore Mio"},"image":{"@id":"https:\/\/buchetecriogenate.ro\/#\/schema\/logo\/image\/"},"sameAs":["https:\/\/www.facebook.com\/AmoreMiobyGabrielle","https:\/\/www.instagram.com\/amoremio.ro\/"]}]}},"_links":{"self":[{"href":"https:\/\/buchetecriogenate.ro\/en\/wp-json\/wp\/v2\/product\/4747"}],"collection":[{"href":"https:\/\/buchetecriogenate.ro\/en\/wp-json\/wp\/v2\/product"}],"about":[{"href":"https:\/\/buchetecriogenate.ro\/en\/wp-json\/wp\/v2\/types\/product"}],"replies":[{"embeddable":true,"href":"https:\/\/buchetecriogenate.ro\/en\/wp-json\/wp\/v2\/comments?post=4747"}],"wp:featuredmedia":[{"embeddable":true,"href":"https:\/\/buchetecriogenate.ro\/en\/wp-json\/wp\/v2\/media\/4974"}],"wp:attachment":[{"href":"https:\/\/buchetecriogenate.ro\/en\/wp-json\/wp\/v2\/media?parent=4747"}],"wp:term":[{"taxonomy":"product_cat","embeddable":true,"href":"https:\/\/buchetecriogenate.ro\/en\/wp-json\/wp\/v2\/product_cat?post=4747"},{"taxonomy":"product_tag","embeddable":true,"href":"https:\/\/buchetecriogenate.ro\/en\/wp-json\/wp\/v2\/product_tag?post=4747"}],"curies":[{"name":"wp","href":"https:\/\/api.w.org\/{rel}","templated":true}]}}