{"id":5541,"date":"2020-12-07T14:58:32","date_gmt":"2020-12-07T14:58:32","guid":{"rendered":"https:\/\/buchetecriogenate.ro\/?post_type=product&#038;p=5541"},"modified":"2020-12-07T15:00:47","modified_gmt":"2020-12-07T15:00:47","slug":"aranjament-cu-trandafiri-in-vaza-in-forma-de-maini","status":"publish","type":"product","link":"https:\/\/buchetecriogenate.ro\/en\/product\/aranjament-cu-trandafiri-in-vaza-in-forma-de-maini\/","title":{"rendered":"Aranjament cu trandafiri \u00een vaz\u0103 \u00een form\u0103 de m\u00e2ini"},"content":{"rendered":"<p>Florile spun pove\u0219ti prin culoarea \u0219i mireasma lor. Astfel, acestea reu\u0219esc s\u0103 transmit\u0103 emo\u021biile mai departe celor dragi. \u0218tim c\u0103 vrei de fiecare dat\u0103 s\u0103 faci \u201cuna bella figura\u201d, a\u0219a c\u0103 Amore Mio a preg\u0103tit pentru tine un aranjament cu trandafiri \u0219i mini-rosa \u00eentr-o vaz\u0103 deosebit\u0103!<\/p>\n<p>Avem c\u00e2teva sfaturi pentru a v\u0103 bucura c\u00e2t mai mult de acest aranjament. Ad\u0103uga\u021bi pu\u021bin\u0103 ap\u0103 zilnic pentru a p\u0103stra buretele umed. Amplasa\u021bi aranjamentul la interior, ferit de razele directe ale soarelui. Evita\u021bi a\u0219ezarea aranjamentului \u00een apropierea aparatelor de aer condi\u021bionat. Temperatura recomandat\u0103 pentru p\u0103strarea florilor nu trebuie s\u0103 dep\u0103\u0219easc\u0103 22-24 grade Celsius.<\/p>","protected":false},"excerpt":{"rendered":"<p>Florile spun pove\u0219ti prin culoarea \u0219i mireasma lor. Astfel, acestea reu\u0219esc s\u0103 transmit\u0103 emo\u021biile mai departe celor dragi. \u0218tim c\u0103 vrei de fiecare dat\u0103 s\u0103 faci \u201cuna bella figura\u201d, a\u0219a c\u0103 Amore Mio a preg\u0103tit pentru tine un aranjament cu trandafiri \u0219i mini-rosa \u00eentr-o vaz\u0103 deosebit\u0103!<\/p>","protected":false},"featured_media":5540,"comment_status":"open","ping_status":"closed","template":"","meta":[],"product_cat":[15],"product_tag":[],"yoast_head":"<!-- This site is optimized with the Yoast SEO plugin v21.5 - https:\/\/yoast.com\/wordpress\/plugins\/seo\/ -->\n<title>Aranjament cu trandafiri \u00een vaz\u0103 \u00een form\u0103 de m\u00e2ini - Buchete Criogenate<\/title>\n<meta name=\"description\" content=\"Un aranjament floral \u00eentr-o vaz\u0103 deosebit\u0103, \u00een form\u0103 de m\u00e2ini, care impresioneaz\u0103 prin emo\u021bia pe care o transmite.\" \/>\n<meta name=\"robots\" content=\"index, follow, max-snippet:-1, max-image-preview:large, max-video-preview:-1\" \/>\n<link rel=\"canonical\" href=\"https:\/\/buchetecriogenate.ro\/en\/product\/aranjament-cu-trandafiri-in-vaza-in-forma-de-maini\/\" \/>\n<meta property=\"og:locale\" content=\"en_US\" \/>\n<meta property=\"og:type\" content=\"article\" \/>\n<meta property=\"og:title\" content=\"Aranjament cu trandafiri \u00een vaz\u0103 \u00een form\u0103 de m\u00e2ini - Buchete Criogenate\" \/>\n<meta property=\"og:description\" content=\"Un aranjament floral \u00eentr-o vaz\u0103 deosebit\u0103, \u00een form\u0103 de m\u00e2ini, care impresioneaz\u0103 prin emo\u021bia pe care o transmite.\" \/>\n<meta property=\"og:url\" content=\"https:\/\/buchetecriogenate.ro\/en\/product\/aranjament-cu-trandafiri-in-vaza-in-forma-de-maini\/\" \/>\n<meta property=\"og:site_name\" content=\"Buchete Criogenate\" \/>\n<meta property=\"article:publisher\" content=\"https:\/\/www.facebook.com\/AmoreMiobyGabrielle\" \/>\n<meta property=\"article:modified_time\" content=\"2020-12-07T15:00:47+00:00\" \/>\n<meta property=\"og:image\" content=\"https:\/\/buchetecriogenate.ro\/wp-content\/uploads\/2020\/12\/amore-mio-aranjament-flori-naturale-craciun-handmade-trandafiri-minirosa-vaza-maini-scaled.jpg\" \/>\n\t<meta property=\"og:image:width\" content=\"2560\" \/>\n\t<meta property=\"og:image:height\" content=\"1709\" \/>\n\t<meta property=\"og:image:type\" content=\"image\/jpeg\" \/>\n<meta name=\"twitter:card\" content=\"summary_large_image\" \/>\n<meta name=\"twitter:label1\" content=\"Est. reading time\" \/>\n\t<meta name=\"twitter:data1\" content=\"1 minute\" \/>\n<script type=\"application\/ld+json\" class=\"yoast-schema-graph\">{\"@context\":\"https:\/\/schema.org\",\"@graph\":[{\"@type\":\"WebPage\",\"@id\":\"https:\/\/buchetecriogenate.ro\/product\/aranjament-cu-trandafiri-in-vaza-in-forma-de-maini\/\",\"url\":\"https:\/\/buchetecriogenate.ro\/product\/aranjament-cu-trandafiri-in-vaza-in-forma-de-maini\/\",\"name\":\"Aranjament cu trandafiri \u00een vaz\u0103 \u00een form\u0103 de m\u00e2ini - Buchete Criogenate\",\"isPartOf\":{\"@id\":\"https:\/\/buchetecriogenate.ro\/#website\"},\"datePublished\":\"2020-12-07T14:58:32+00:00\",\"dateModified\":\"2020-12-07T15:00:47+00:00\",\"description\":\"Un aranjament floral \u00eentr-o vaz\u0103 deosebit\u0103, \u00een form\u0103 de m\u00e2ini, care impresioneaz\u0103 prin emo\u021bia pe care o transmite.\",\"breadcrumb\":{\"@id\":\"https:\/\/buchetecriogenate.ro\/product\/aranjament-cu-trandafiri-in-vaza-in-forma-de-maini\/#breadcrumb\"},\"inLanguage\":\"en-US\",\"potentialAction\":[{\"@type\":\"ReadAction\",\"target\":[\"https:\/\/buchetecriogenate.ro\/product\/aranjament-cu-trandafiri-in-vaza-in-forma-de-maini\/\"]}]},{\"@type\":\"BreadcrumbList\",\"@id\":\"https:\/\/buchetecriogenate.ro\/product\/aranjament-cu-trandafiri-in-vaza-in-forma-de-maini\/#breadcrumb\",\"itemListElement\":[{\"@type\":\"ListItem\",\"position\":1,\"name\":\"Home\",\"item\":\"https:\/\/buchetecriogenate.ro\/\"},{\"@type\":\"ListItem\",\"position\":2,\"name\":\"Shop\",\"item\":\"https:\/\/buchetecriogenate.ro\/shop\/\"},{\"@type\":\"ListItem\",\"position\":3,\"name\":\"Aranjament cu trandafiri \u00een vaz\u0103 \u00een form\u0103 de m\u00e2ini\"}]},{\"@type\":\"WebSite\",\"@id\":\"https:\/\/buchetecriogenate.ro\/#website\",\"url\":\"https:\/\/buchetecriogenate.ro\/\",\"name\":\"Amore-mio\",\"description\":\"Buchete de flori deosebite\",\"publisher\":{\"@id\":\"https:\/\/buchetecriogenate.ro\/#organization\"},\"potentialAction\":[{\"@type\":\"SearchAction\",\"target\":{\"@type\":\"EntryPoint\",\"urlTemplate\":\"https:\/\/buchetecriogenate.ro\/?s={search_term_string}\"},\"query-input\":\"required name=search_term_string\"}],\"inLanguage\":\"en-US\"},{\"@type\":\"Organization\",\"@id\":\"https:\/\/buchetecriogenate.ro\/#organization\",\"name\":\"Amore Mio\",\"url\":\"https:\/\/buchetecriogenate.ro\/\",\"logo\":{\"@type\":\"ImageObject\",\"inLanguage\":\"en-US\",\"@id\":\"https:\/\/buchetecriogenate.ro\/#\/schema\/logo\/image\/\",\"url\":\"https:\/\/buchetecriogenate.ro\/wp-content\/uploads\/2020\/12\/logo-amore-mio-gabrielle.png\",\"contentUrl\":\"https:\/\/buchetecriogenate.ro\/wp-content\/uploads\/2020\/12\/logo-amore-mio-gabrielle.png\",\"width\":1090,\"height\":515,\"caption\":\"Amore Mio\"},\"image\":{\"@id\":\"https:\/\/buchetecriogenate.ro\/#\/schema\/logo\/image\/\"},\"sameAs\":[\"https:\/\/www.facebook.com\/AmoreMiobyGabrielle\",\"https:\/\/www.instagram.com\/amoremio.ro\/\"]}]}<\/script>\n<!-- \/ Yoast SEO plugin. -->","yoast_head_json":{"title":"Aranjament cu trandafiri \u00een vaz\u0103 \u00een form\u0103 de m\u00e2ini - Buchete Criogenate","description":"Un aranjament floral \u00eentr-o vaz\u0103 deosebit\u0103, \u00een form\u0103 de m\u00e2ini, care impresioneaz\u0103 prin emo\u021bia pe care o transmite.","robots":{"index":"index","follow":"follow","max-snippet":"max-snippet:-1","max-image-preview":"max-image-preview:large","max-video-preview":"max-video-preview:-1"},"canonical":"https:\/\/buchetecriogenate.ro\/en\/product\/aranjament-cu-trandafiri-in-vaza-in-forma-de-maini\/","og_locale":"en_US","og_type":"article","og_title":"Aranjament cu trandafiri \u00een vaz\u0103 \u00een form\u0103 de m\u00e2ini - Buchete Criogenate","og_description":"Un aranjament floral \u00eentr-o vaz\u0103 deosebit\u0103, \u00een form\u0103 de m\u00e2ini, care impresioneaz\u0103 prin emo\u021bia pe care o transmite.","og_url":"https:\/\/buchetecriogenate.ro\/en\/product\/aranjament-cu-trandafiri-in-vaza-in-forma-de-maini\/","og_site_name":"Buchete Criogenate","article_publisher":"https:\/\/www.facebook.com\/AmoreMiobyGabrielle","article_modified_time":"2020-12-07T15:00:47+00:00","og_image":[{"width":2560,"height":1709,"url":"https:\/\/buchetecriogenate.ro\/wp-content\/uploads\/2020\/12\/amore-mio-aranjament-flori-naturale-craciun-handmade-trandafiri-minirosa-vaza-maini-scaled.jpg","type":"image\/jpeg"}],"twitter_card":"summary_large_image","twitter_misc":{"Est. reading time":"1 minute"},"schema":{"@context":"https:\/\/schema.org","@graph":[{"@type":"WebPage","@id":"https:\/\/buchetecriogenate.ro\/product\/aranjament-cu-trandafiri-in-vaza-in-forma-de-maini\/","url":"https:\/\/buchetecriogenate.ro\/product\/aranjament-cu-trandafiri-in-vaza-in-forma-de-maini\/","name":"Aranjament cu trandafiri \u00een vaz\u0103 \u00een form\u0103 de m\u00e2ini - Buchete Criogenate","isPartOf":{"@id":"https:\/\/buchetecriogenate.ro\/#website"},"datePublished":"2020-12-07T14:58:32+00:00","dateModified":"2020-12-07T15:00:47+00:00","description":"Un aranjament floral \u00eentr-o vaz\u0103 deosebit\u0103, \u00een form\u0103 de m\u00e2ini, care impresioneaz\u0103 prin emo\u021bia pe care o transmite.","breadcrumb":{"@id":"https:\/\/buchetecriogenate.ro\/product\/aranjament-cu-trandafiri-in-vaza-in-forma-de-maini\/#breadcrumb"},"inLanguage":"en-US","potentialAction":[{"@type":"ReadAction","target":["https:\/\/buchetecriogenate.ro\/product\/aranjament-cu-trandafiri-in-vaza-in-forma-de-maini\/"]}]},{"@type":"BreadcrumbList","@id":"https:\/\/buchetecriogenate.ro\/product\/aranjament-cu-trandafiri-in-vaza-in-forma-de-maini\/#breadcrumb","itemListElement":[{"@type":"ListItem","position":1,"name":"Home","item":"https:\/\/buchetecriogenate.ro\/"},{"@type":"ListItem","position":2,"name":"Shop","item":"https:\/\/buchetecriogenate.ro\/shop\/"},{"@type":"ListItem","position":3,"name":"Aranjament cu trandafiri \u00een vaz\u0103 \u00een form\u0103 de m\u00e2ini"}]},{"@type":"WebSite","@id":"https:\/\/buchetecriogenate.ro\/#website","url":"https:\/\/buchetecriogenate.ro\/","name":"Amore-mio","description":"Buchete de flori deosebite","publisher":{"@id":"https:\/\/buchetecriogenate.ro\/#organization"},"potentialAction":[{"@type":"SearchAction","target":{"@type":"EntryPoint","urlTemplate":"https:\/\/buchetecriogenate.ro\/?s={search_term_string}"},"query-input":"required name=search_term_string"}],"inLanguage":"en-US"},{"@type":"Organization","@id":"https:\/\/buchetecriogenate.ro\/#organization","name":"Amore Mio","url":"https:\/\/buchetecriogenate.ro\/","logo":{"@type":"ImageObject","inLanguage":"en-US","@id":"https:\/\/buchetecriogenate.ro\/#\/schema\/logo\/image\/","url":"https:\/\/buchetecriogenate.ro\/wp-content\/uploads\/2020\/12\/logo-amore-mio-gabrielle.png","contentUrl":"https:\/\/buchetecriogenate.ro\/wp-content\/uploads\/2020\/12\/logo-amore-mio-gabrielle.png","width":1090,"height":515,"caption":"Amore Mio"},"image":{"@id":"https:\/\/buchetecriogenate.ro\/#\/schema\/logo\/image\/"},"sameAs":["https:\/\/www.facebook.com\/AmoreMiobyGabrielle","https:\/\/www.instagram.com\/amoremio.ro\/"]}]}},"_links":{"self":[{"href":"https:\/\/buchetecriogenate.ro\/en\/wp-json\/wp\/v2\/product\/5541"}],"collection":[{"href":"https:\/\/buchetecriogenate.ro\/en\/wp-json\/wp\/v2\/product"}],"about":[{"href":"https:\/\/buchetecriogenate.ro\/en\/wp-json\/wp\/v2\/types\/product"}],"replies":[{"embeddable":true,"href":"https:\/\/buchetecriogenate.ro\/en\/wp-json\/wp\/v2\/comments?post=5541"}],"wp:featuredmedia":[{"embeddable":true,"href":"https:\/\/buchetecriogenate.ro\/en\/wp-json\/wp\/v2\/media\/5540"}],"wp:attachment":[{"href":"https:\/\/buchetecriogenate.ro\/en\/wp-json\/wp\/v2\/media?parent=5541"}],"wp:term":[{"taxonomy":"product_cat","embeddable":true,"href":"https:\/\/buchetecriogenate.ro\/en\/wp-json\/wp\/v2\/product_cat?post=5541"},{"taxonomy":"product_tag","embeddable":true,"href":"https:\/\/buchetecriogenate.ro\/en\/wp-json\/wp\/v2\/product_tag?post=5541"}],"curies":[{"name":"wp","href":"https:\/\/api.w.org\/{rel}","templated":true}]}}