{"id":5566,"date":"2020-12-08T11:28:07","date_gmt":"2020-12-08T11:28:07","guid":{"rendered":"https:\/\/buchetecriogenate.ro\/?post_type=product&#038;p=5566"},"modified":"2024-05-28T12:38:53","modified_gmt":"2024-05-28T12:38:53","slug":"ramura-roz-decorativa","status":"publish","type":"product","link":"https:\/\/buchetecriogenate.ro\/en\/product\/ramura-roz-decorativa\/","title":{"rendered":"Ramur\u0103 roz decorativ\u0103"},"content":{"rendered":"<p>Ramura roz decorativ\u0103 se poate integra cu u\u0219urin\u021b\u0103 \u00een decora\u021biunile de Cr\u0103ciun, dar \u0219i \u00eentr-un aranjament pentru tot anul. Acesta confer\u0103 elegan\u021b\u0103 spa\u021biului \u00een care este amplasat\u0103. Poate face parte dintr-un aranjament floral deosebit.<\/p>\n<p>O po\u021bi cump\u0103ra individual sau po\u021bi apela la Echipa Amore Mio. Gabrielle este gata s\u0103 realizeze aranjamentul perfect pentru casa ta.<\/p>","protected":false},"excerpt":{"rendered":"<p>Ramura roz decorativ\u0103 se poate integra cu u\u0219urin\u021b\u0103 \u00een decora\u021biunile de Cr\u0103ciun, dar \u0219i \u00eentr-un aranjament pentru tot anul. Acesta confer\u0103 elegan\u021b\u0103 spa\u021biului \u00een care este amplasat\u0103. Poate face parte dintr-un aranjament floral deosebit.<\/p>\n<p>O po\u021bi cump\u0103ra individual sau po\u021bi apela la Echipa Amore Mio. Gabrielle este gata s\u0103 realizeze aranjamentul perfect pentru casa ta.<\/p>","protected":false},"featured_media":5652,"comment_status":"open","ping_status":"closed","template":"","meta":[],"product_cat":[116],"product_tag":[],"yoast_head":"<!-- This site is optimized with the Yoast SEO plugin v21.5 - https:\/\/yoast.com\/wordpress\/plugins\/seo\/ -->\n<title>Ramur\u0103 roz decorativ\u0103 - Buchete Criogenate - comand\u0103 online<\/title>\n<meta name=\"description\" content=\"Ramura roz decorativ\u0103 se poate integra cu u\u0219urin\u021b\u0103 \u00een decora\u021biunile de Cr\u0103ciun, dar \u0219i \u00eentr-un aranjament pentru tot anul.\" \/>\n<meta name=\"robots\" content=\"index, follow, max-snippet:-1, max-image-preview:large, max-video-preview:-1\" \/>\n<link rel=\"canonical\" href=\"https:\/\/buchetecriogenate.ro\/en\/product\/ramura-roz-decorativa\/\" \/>\n<meta property=\"og:locale\" content=\"en_US\" \/>\n<meta property=\"og:type\" content=\"article\" \/>\n<meta property=\"og:title\" content=\"Ramur\u0103 roz decorativ\u0103 - Buchete Criogenate - comand\u0103 online\" \/>\n<meta property=\"og:description\" content=\"Ramura roz decorativ\u0103 se poate integra cu u\u0219urin\u021b\u0103 \u00een decora\u021biunile de Cr\u0103ciun, dar \u0219i \u00eentr-un aranjament pentru tot anul.\" \/>\n<meta property=\"og:url\" content=\"https:\/\/buchetecriogenate.ro\/en\/product\/ramura-roz-decorativa\/\" \/>\n<meta property=\"og:site_name\" content=\"Buchete Criogenate\" \/>\n<meta property=\"article:publisher\" content=\"https:\/\/www.facebook.com\/AmoreMiobyGabrielle\" \/>\n<meta property=\"article:modified_time\" content=\"2024-05-28T12:38:53+00:00\" \/>\n<meta property=\"og:image\" content=\"https:\/\/buchetecriogenate.ro\/wp-content\/uploads\/2020\/12\/amore-mio-ramura-roz-decorativa-2.jpeg\" \/>\n\t<meta property=\"og:image:width\" content=\"1200\" \/>\n\t<meta property=\"og:image:height\" content=\"1600\" \/>\n\t<meta property=\"og:image:type\" content=\"image\/jpeg\" \/>\n<meta name=\"twitter:card\" content=\"summary_large_image\" \/>\n<script type=\"application\/ld+json\" class=\"yoast-schema-graph\">{\"@context\":\"https:\/\/schema.org\",\"@graph\":[{\"@type\":\"WebPage\",\"@id\":\"https:\/\/buchetecriogenate.ro\/product\/ramura-roz-decorativa\/\",\"url\":\"https:\/\/buchetecriogenate.ro\/product\/ramura-roz-decorativa\/\",\"name\":\"Ramur\u0103 roz decorativ\u0103 - Buchete Criogenate - comand\u0103 online\",\"isPartOf\":{\"@id\":\"https:\/\/buchetecriogenate.ro\/#website\"},\"datePublished\":\"2020-12-08T11:28:07+00:00\",\"dateModified\":\"2024-05-28T12:38:53+00:00\",\"description\":\"Ramura roz decorativ\u0103 se poate integra cu u\u0219urin\u021b\u0103 \u00een decora\u021biunile de Cr\u0103ciun, dar \u0219i \u00eentr-un aranjament pentru tot anul.\",\"breadcrumb\":{\"@id\":\"https:\/\/buchetecriogenate.ro\/product\/ramura-roz-decorativa\/#breadcrumb\"},\"inLanguage\":\"en-US\",\"potentialAction\":[{\"@type\":\"ReadAction\",\"target\":[\"https:\/\/buchetecriogenate.ro\/product\/ramura-roz-decorativa\/\"]}]},{\"@type\":\"BreadcrumbList\",\"@id\":\"https:\/\/buchetecriogenate.ro\/product\/ramura-roz-decorativa\/#breadcrumb\",\"itemListElement\":[{\"@type\":\"ListItem\",\"position\":1,\"name\":\"Home\",\"item\":\"https:\/\/buchetecriogenate.ro\/\"},{\"@type\":\"ListItem\",\"position\":2,\"name\":\"Shop\",\"item\":\"https:\/\/buchetecriogenate.ro\/shop\/\"},{\"@type\":\"ListItem\",\"position\":3,\"name\":\"Ramur\u0103 roz decorativ\u0103\"}]},{\"@type\":\"WebSite\",\"@id\":\"https:\/\/buchetecriogenate.ro\/#website\",\"url\":\"https:\/\/buchetecriogenate.ro\/\",\"name\":\"Amore-mio\",\"description\":\"Buchete de flori deosebite\",\"publisher\":{\"@id\":\"https:\/\/buchetecriogenate.ro\/#organization\"},\"potentialAction\":[{\"@type\":\"SearchAction\",\"target\":{\"@type\":\"EntryPoint\",\"urlTemplate\":\"https:\/\/buchetecriogenate.ro\/?s={search_term_string}\"},\"query-input\":\"required name=search_term_string\"}],\"inLanguage\":\"en-US\"},{\"@type\":\"Organization\",\"@id\":\"https:\/\/buchetecriogenate.ro\/#organization\",\"name\":\"Amore Mio\",\"url\":\"https:\/\/buchetecriogenate.ro\/\",\"logo\":{\"@type\":\"ImageObject\",\"inLanguage\":\"en-US\",\"@id\":\"https:\/\/buchetecriogenate.ro\/#\/schema\/logo\/image\/\",\"url\":\"https:\/\/buchetecriogenate.ro\/wp-content\/uploads\/2020\/12\/logo-amore-mio-gabrielle.png\",\"contentUrl\":\"https:\/\/buchetecriogenate.ro\/wp-content\/uploads\/2020\/12\/logo-amore-mio-gabrielle.png\",\"width\":1090,\"height\":515,\"caption\":\"Amore Mio\"},\"image\":{\"@id\":\"https:\/\/buchetecriogenate.ro\/#\/schema\/logo\/image\/\"},\"sameAs\":[\"https:\/\/www.facebook.com\/AmoreMiobyGabrielle\",\"https:\/\/www.instagram.com\/amoremio.ro\/\"]}]}<\/script>\n<!-- \/ Yoast SEO plugin. -->","yoast_head_json":{"title":"Ramur\u0103 roz decorativ\u0103 - Buchete Criogenate - comand\u0103 online","description":"Ramura roz decorativ\u0103 se poate integra cu u\u0219urin\u021b\u0103 \u00een decora\u021biunile de Cr\u0103ciun, dar \u0219i \u00eentr-un aranjament pentru tot anul.","robots":{"index":"index","follow":"follow","max-snippet":"max-snippet:-1","max-image-preview":"max-image-preview:large","max-video-preview":"max-video-preview:-1"},"canonical":"https:\/\/buchetecriogenate.ro\/en\/product\/ramura-roz-decorativa\/","og_locale":"en_US","og_type":"article","og_title":"Ramur\u0103 roz decorativ\u0103 - Buchete Criogenate - comand\u0103 online","og_description":"Ramura roz decorativ\u0103 se poate integra cu u\u0219urin\u021b\u0103 \u00een decora\u021biunile de Cr\u0103ciun, dar \u0219i \u00eentr-un aranjament pentru tot anul.","og_url":"https:\/\/buchetecriogenate.ro\/en\/product\/ramura-roz-decorativa\/","og_site_name":"Buchete Criogenate","article_publisher":"https:\/\/www.facebook.com\/AmoreMiobyGabrielle","article_modified_time":"2024-05-28T12:38:53+00:00","og_image":[{"width":1200,"height":1600,"url":"https:\/\/buchetecriogenate.ro\/wp-content\/uploads\/2020\/12\/amore-mio-ramura-roz-decorativa-2.jpeg","type":"image\/jpeg"}],"twitter_card":"summary_large_image","schema":{"@context":"https:\/\/schema.org","@graph":[{"@type":"WebPage","@id":"https:\/\/buchetecriogenate.ro\/product\/ramura-roz-decorativa\/","url":"https:\/\/buchetecriogenate.ro\/product\/ramura-roz-decorativa\/","name":"Ramur\u0103 roz decorativ\u0103 - Buchete Criogenate - comand\u0103 online","isPartOf":{"@id":"https:\/\/buchetecriogenate.ro\/#website"},"datePublished":"2020-12-08T11:28:07+00:00","dateModified":"2024-05-28T12:38:53+00:00","description":"Ramura roz decorativ\u0103 se poate integra cu u\u0219urin\u021b\u0103 \u00een decora\u021biunile de Cr\u0103ciun, dar \u0219i \u00eentr-un aranjament pentru tot anul.","breadcrumb":{"@id":"https:\/\/buchetecriogenate.ro\/product\/ramura-roz-decorativa\/#breadcrumb"},"inLanguage":"en-US","potentialAction":[{"@type":"ReadAction","target":["https:\/\/buchetecriogenate.ro\/product\/ramura-roz-decorativa\/"]}]},{"@type":"BreadcrumbList","@id":"https:\/\/buchetecriogenate.ro\/product\/ramura-roz-decorativa\/#breadcrumb","itemListElement":[{"@type":"ListItem","position":1,"name":"Home","item":"https:\/\/buchetecriogenate.ro\/"},{"@type":"ListItem","position":2,"name":"Shop","item":"https:\/\/buchetecriogenate.ro\/shop\/"},{"@type":"ListItem","position":3,"name":"Ramur\u0103 roz decorativ\u0103"}]},{"@type":"WebSite","@id":"https:\/\/buchetecriogenate.ro\/#website","url":"https:\/\/buchetecriogenate.ro\/","name":"Amore-mio","description":"Buchete de flori deosebite","publisher":{"@id":"https:\/\/buchetecriogenate.ro\/#organization"},"potentialAction":[{"@type":"SearchAction","target":{"@type":"EntryPoint","urlTemplate":"https:\/\/buchetecriogenate.ro\/?s={search_term_string}"},"query-input":"required name=search_term_string"}],"inLanguage":"en-US"},{"@type":"Organization","@id":"https:\/\/buchetecriogenate.ro\/#organization","name":"Amore Mio","url":"https:\/\/buchetecriogenate.ro\/","logo":{"@type":"ImageObject","inLanguage":"en-US","@id":"https:\/\/buchetecriogenate.ro\/#\/schema\/logo\/image\/","url":"https:\/\/buchetecriogenate.ro\/wp-content\/uploads\/2020\/12\/logo-amore-mio-gabrielle.png","contentUrl":"https:\/\/buchetecriogenate.ro\/wp-content\/uploads\/2020\/12\/logo-amore-mio-gabrielle.png","width":1090,"height":515,"caption":"Amore Mio"},"image":{"@id":"https:\/\/buchetecriogenate.ro\/#\/schema\/logo\/image\/"},"sameAs":["https:\/\/www.facebook.com\/AmoreMiobyGabrielle","https:\/\/www.instagram.com\/amoremio.ro\/"]}]}},"_links":{"self":[{"href":"https:\/\/buchetecriogenate.ro\/en\/wp-json\/wp\/v2\/product\/5566"}],"collection":[{"href":"https:\/\/buchetecriogenate.ro\/en\/wp-json\/wp\/v2\/product"}],"about":[{"href":"https:\/\/buchetecriogenate.ro\/en\/wp-json\/wp\/v2\/types\/product"}],"replies":[{"embeddable":true,"href":"https:\/\/buchetecriogenate.ro\/en\/wp-json\/wp\/v2\/comments?post=5566"}],"wp:featuredmedia":[{"embeddable":true,"href":"https:\/\/buchetecriogenate.ro\/en\/wp-json\/wp\/v2\/media\/5652"}],"wp:attachment":[{"href":"https:\/\/buchetecriogenate.ro\/en\/wp-json\/wp\/v2\/media?parent=5566"}],"wp:term":[{"taxonomy":"product_cat","embeddable":true,"href":"https:\/\/buchetecriogenate.ro\/en\/wp-json\/wp\/v2\/product_cat?post=5566"},{"taxonomy":"product_tag","embeddable":true,"href":"https:\/\/buchetecriogenate.ro\/en\/wp-json\/wp\/v2\/product_tag?post=5566"}],"curies":[{"name":"wp","href":"https:\/\/api.w.org\/{rel}","templated":true}]}}