{"id":5736,"date":"2020-12-19T18:34:56","date_gmt":"2020-12-19T18:34:56","guid":{"rendered":"https:\/\/buchetecriogenate.ro\/?post_type=product&#038;p=5736"},"modified":"2024-05-28T12:33:46","modified_gmt":"2024-05-28T12:33:46","slug":"decoratiune-rochita-balerina","status":"publish","type":"product","link":"https:\/\/buchetecriogenate.ro\/en\/product\/decoratiune-rochita-balerina\/","title":{"rendered":"Decora\u021biune rochi\u021b\u0103 balerin\u0103"},"content":{"rendered":"<p>Decora\u021biunea cu rochi\u021b\u0103 se \u00eencadreaz\u0103 bine \u00een decorul elegant al casei. Amore Mio se dedic\u0103 decorurilor clasice, privind totu\u0219i contemporan. Dac\u0103 \u0219i tu vrei un Cr\u0103ciun atemporal, o astfel de decora\u021biune se va potrivi perfect cu magia casei tale.<\/p>","protected":false},"excerpt":{"rendered":"<p>Decora\u021biunea cu rochi\u021b\u0103 se \u00eencadreaz\u0103 bine \u00een decorul elegant al casei. Amore Mio se dedic\u0103 decorurilor clasice, privind totu\u0219i contemporan. Dac\u0103 \u0219i tu vrei un Cr\u0103ciun atemporal, o astfel de decora\u021biune se va potrivi perfect cu magia casei tale.<\/p>","protected":false},"featured_media":5737,"comment_status":"open","ping_status":"closed","template":"","meta":[],"product_cat":[116],"product_tag":[],"yoast_head":"<!-- This site is optimized with the Yoast SEO plugin v21.5 - https:\/\/yoast.com\/wordpress\/plugins\/seo\/ -->\n<title>Decora\u021biune rochi\u021b\u0103 balerin\u0103 - Buchete Criogenate - comand\u0103 online<\/title>\n<meta name=\"description\" content=\"Amore Mio se dedic\u0103 decorurilor clasice, privind totu\u0219i contemporan. Dac\u0103 \u0219i tu vrei un Cr\u0103ciun atemporal, o astfel de decora\u021biune se va potrivi perfect cu magia casei tale.\" \/>\n<meta name=\"robots\" content=\"index, follow, max-snippet:-1, max-image-preview:large, max-video-preview:-1\" \/>\n<link rel=\"canonical\" href=\"https:\/\/buchetecriogenate.ro\/en\/product\/decoratiune-rochita-balerina\/\" \/>\n<meta property=\"og:locale\" content=\"en_US\" \/>\n<meta property=\"og:type\" content=\"article\" \/>\n<meta property=\"og:title\" content=\"Decora\u021biune rochi\u021b\u0103 balerin\u0103 - Buchete Criogenate - comand\u0103 online\" \/>\n<meta property=\"og:description\" content=\"Amore Mio se dedic\u0103 decorurilor clasice, privind totu\u0219i contemporan. Dac\u0103 \u0219i tu vrei un Cr\u0103ciun atemporal, o astfel de decora\u021biune se va potrivi perfect cu magia casei tale.\" \/>\n<meta property=\"og:url\" content=\"https:\/\/buchetecriogenate.ro\/en\/product\/decoratiune-rochita-balerina\/\" \/>\n<meta property=\"og:site_name\" content=\"Buchete Criogenate\" \/>\n<meta property=\"article:publisher\" content=\"https:\/\/www.facebook.com\/AmoreMiobyGabrielle\" \/>\n<meta property=\"article:modified_time\" content=\"2024-05-28T12:33:46+00:00\" \/>\n<meta property=\"og:image\" content=\"https:\/\/buchetecriogenate.ro\/wp-content\/uploads\/2020\/12\/amore-mio-decoratiune-balerina-rochita.jpeg\" \/>\n\t<meta property=\"og:image:width\" content=\"1200\" \/>\n\t<meta property=\"og:image:height\" content=\"1600\" \/>\n\t<meta property=\"og:image:type\" content=\"image\/jpeg\" \/>\n<meta name=\"twitter:card\" content=\"summary_large_image\" \/>\n<script type=\"application\/ld+json\" class=\"yoast-schema-graph\">{\"@context\":\"https:\/\/schema.org\",\"@graph\":[{\"@type\":\"WebPage\",\"@id\":\"https:\/\/buchetecriogenate.ro\/product\/decoratiune-rochita-balerina\/\",\"url\":\"https:\/\/buchetecriogenate.ro\/product\/decoratiune-rochita-balerina\/\",\"name\":\"Decora\u021biune rochi\u021b\u0103 balerin\u0103 - Buchete Criogenate - comand\u0103 online\",\"isPartOf\":{\"@id\":\"https:\/\/buchetecriogenate.ro\/#website\"},\"datePublished\":\"2020-12-19T18:34:56+00:00\",\"dateModified\":\"2024-05-28T12:33:46+00:00\",\"description\":\"Amore Mio se dedic\u0103 decorurilor clasice, privind totu\u0219i contemporan. Dac\u0103 \u0219i tu vrei un Cr\u0103ciun atemporal, o astfel de decora\u021biune se va potrivi perfect cu magia casei tale.\",\"breadcrumb\":{\"@id\":\"https:\/\/buchetecriogenate.ro\/product\/decoratiune-rochita-balerina\/#breadcrumb\"},\"inLanguage\":\"en-US\",\"potentialAction\":[{\"@type\":\"ReadAction\",\"target\":[\"https:\/\/buchetecriogenate.ro\/product\/decoratiune-rochita-balerina\/\"]}]},{\"@type\":\"BreadcrumbList\",\"@id\":\"https:\/\/buchetecriogenate.ro\/product\/decoratiune-rochita-balerina\/#breadcrumb\",\"itemListElement\":[{\"@type\":\"ListItem\",\"position\":1,\"name\":\"Home\",\"item\":\"https:\/\/buchetecriogenate.ro\/\"},{\"@type\":\"ListItem\",\"position\":2,\"name\":\"Shop\",\"item\":\"https:\/\/buchetecriogenate.ro\/shop\/\"},{\"@type\":\"ListItem\",\"position\":3,\"name\":\"Decora\u021biune rochi\u021b\u0103 balerin\u0103\"}]},{\"@type\":\"WebSite\",\"@id\":\"https:\/\/buchetecriogenate.ro\/#website\",\"url\":\"https:\/\/buchetecriogenate.ro\/\",\"name\":\"Amore-mio\",\"description\":\"Buchete de flori deosebite\",\"publisher\":{\"@id\":\"https:\/\/buchetecriogenate.ro\/#organization\"},\"potentialAction\":[{\"@type\":\"SearchAction\",\"target\":{\"@type\":\"EntryPoint\",\"urlTemplate\":\"https:\/\/buchetecriogenate.ro\/?s={search_term_string}\"},\"query-input\":\"required name=search_term_string\"}],\"inLanguage\":\"en-US\"},{\"@type\":\"Organization\",\"@id\":\"https:\/\/buchetecriogenate.ro\/#organization\",\"name\":\"Amore Mio\",\"url\":\"https:\/\/buchetecriogenate.ro\/\",\"logo\":{\"@type\":\"ImageObject\",\"inLanguage\":\"en-US\",\"@id\":\"https:\/\/buchetecriogenate.ro\/#\/schema\/logo\/image\/\",\"url\":\"https:\/\/buchetecriogenate.ro\/wp-content\/uploads\/2020\/12\/logo-amore-mio-gabrielle.png\",\"contentUrl\":\"https:\/\/buchetecriogenate.ro\/wp-content\/uploads\/2020\/12\/logo-amore-mio-gabrielle.png\",\"width\":1090,\"height\":515,\"caption\":\"Amore Mio\"},\"image\":{\"@id\":\"https:\/\/buchetecriogenate.ro\/#\/schema\/logo\/image\/\"},\"sameAs\":[\"https:\/\/www.facebook.com\/AmoreMiobyGabrielle\",\"https:\/\/www.instagram.com\/amoremio.ro\/\"]}]}<\/script>\n<!-- \/ Yoast SEO plugin. -->","yoast_head_json":{"title":"Decora\u021biune rochi\u021b\u0103 balerin\u0103 - Buchete Criogenate - comand\u0103 online","description":"Amore Mio se dedic\u0103 decorurilor clasice, privind totu\u0219i contemporan. Dac\u0103 \u0219i tu vrei un Cr\u0103ciun atemporal, o astfel de decora\u021biune se va potrivi perfect cu magia casei tale.","robots":{"index":"index","follow":"follow","max-snippet":"max-snippet:-1","max-image-preview":"max-image-preview:large","max-video-preview":"max-video-preview:-1"},"canonical":"https:\/\/buchetecriogenate.ro\/en\/product\/decoratiune-rochita-balerina\/","og_locale":"en_US","og_type":"article","og_title":"Decora\u021biune rochi\u021b\u0103 balerin\u0103 - Buchete Criogenate - comand\u0103 online","og_description":"Amore Mio se dedic\u0103 decorurilor clasice, privind totu\u0219i contemporan. Dac\u0103 \u0219i tu vrei un Cr\u0103ciun atemporal, o astfel de decora\u021biune se va potrivi perfect cu magia casei tale.","og_url":"https:\/\/buchetecriogenate.ro\/en\/product\/decoratiune-rochita-balerina\/","og_site_name":"Buchete Criogenate","article_publisher":"https:\/\/www.facebook.com\/AmoreMiobyGabrielle","article_modified_time":"2024-05-28T12:33:46+00:00","og_image":[{"width":1200,"height":1600,"url":"https:\/\/buchetecriogenate.ro\/wp-content\/uploads\/2020\/12\/amore-mio-decoratiune-balerina-rochita.jpeg","type":"image\/jpeg"}],"twitter_card":"summary_large_image","schema":{"@context":"https:\/\/schema.org","@graph":[{"@type":"WebPage","@id":"https:\/\/buchetecriogenate.ro\/product\/decoratiune-rochita-balerina\/","url":"https:\/\/buchetecriogenate.ro\/product\/decoratiune-rochita-balerina\/","name":"Decora\u021biune rochi\u021b\u0103 balerin\u0103 - Buchete Criogenate - comand\u0103 online","isPartOf":{"@id":"https:\/\/buchetecriogenate.ro\/#website"},"datePublished":"2020-12-19T18:34:56+00:00","dateModified":"2024-05-28T12:33:46+00:00","description":"Amore Mio se dedic\u0103 decorurilor clasice, privind totu\u0219i contemporan. Dac\u0103 \u0219i tu vrei un Cr\u0103ciun atemporal, o astfel de decora\u021biune se va potrivi perfect cu magia casei tale.","breadcrumb":{"@id":"https:\/\/buchetecriogenate.ro\/product\/decoratiune-rochita-balerina\/#breadcrumb"},"inLanguage":"en-US","potentialAction":[{"@type":"ReadAction","target":["https:\/\/buchetecriogenate.ro\/product\/decoratiune-rochita-balerina\/"]}]},{"@type":"BreadcrumbList","@id":"https:\/\/buchetecriogenate.ro\/product\/decoratiune-rochita-balerina\/#breadcrumb","itemListElement":[{"@type":"ListItem","position":1,"name":"Home","item":"https:\/\/buchetecriogenate.ro\/"},{"@type":"ListItem","position":2,"name":"Shop","item":"https:\/\/buchetecriogenate.ro\/shop\/"},{"@type":"ListItem","position":3,"name":"Decora\u021biune rochi\u021b\u0103 balerin\u0103"}]},{"@type":"WebSite","@id":"https:\/\/buchetecriogenate.ro\/#website","url":"https:\/\/buchetecriogenate.ro\/","name":"Amore-mio","description":"Buchete de flori deosebite","publisher":{"@id":"https:\/\/buchetecriogenate.ro\/#organization"},"potentialAction":[{"@type":"SearchAction","target":{"@type":"EntryPoint","urlTemplate":"https:\/\/buchetecriogenate.ro\/?s={search_term_string}"},"query-input":"required name=search_term_string"}],"inLanguage":"en-US"},{"@type":"Organization","@id":"https:\/\/buchetecriogenate.ro\/#organization","name":"Amore Mio","url":"https:\/\/buchetecriogenate.ro\/","logo":{"@type":"ImageObject","inLanguage":"en-US","@id":"https:\/\/buchetecriogenate.ro\/#\/schema\/logo\/image\/","url":"https:\/\/buchetecriogenate.ro\/wp-content\/uploads\/2020\/12\/logo-amore-mio-gabrielle.png","contentUrl":"https:\/\/buchetecriogenate.ro\/wp-content\/uploads\/2020\/12\/logo-amore-mio-gabrielle.png","width":1090,"height":515,"caption":"Amore Mio"},"image":{"@id":"https:\/\/buchetecriogenate.ro\/#\/schema\/logo\/image\/"},"sameAs":["https:\/\/www.facebook.com\/AmoreMiobyGabrielle","https:\/\/www.instagram.com\/amoremio.ro\/"]}]}},"_links":{"self":[{"href":"https:\/\/buchetecriogenate.ro\/en\/wp-json\/wp\/v2\/product\/5736"}],"collection":[{"href":"https:\/\/buchetecriogenate.ro\/en\/wp-json\/wp\/v2\/product"}],"about":[{"href":"https:\/\/buchetecriogenate.ro\/en\/wp-json\/wp\/v2\/types\/product"}],"replies":[{"embeddable":true,"href":"https:\/\/buchetecriogenate.ro\/en\/wp-json\/wp\/v2\/comments?post=5736"}],"wp:featuredmedia":[{"embeddable":true,"href":"https:\/\/buchetecriogenate.ro\/en\/wp-json\/wp\/v2\/media\/5737"}],"wp:attachment":[{"href":"https:\/\/buchetecriogenate.ro\/en\/wp-json\/wp\/v2\/media?parent=5736"}],"wp:term":[{"taxonomy":"product_cat","embeddable":true,"href":"https:\/\/buchetecriogenate.ro\/en\/wp-json\/wp\/v2\/product_cat?post=5736"},{"taxonomy":"product_tag","embeddable":true,"href":"https:\/\/buchetecriogenate.ro\/en\/wp-json\/wp\/v2\/product_tag?post=5736"}],"curies":[{"name":"wp","href":"https:\/\/api.w.org\/{rel}","templated":true}]}}