{"id":5280,"date":"2020-12-04T23:34:16","date_gmt":"2020-12-04T23:34:16","guid":{"rendered":"https:\/\/buchetecriogenate.ro\/?page_id=5280"},"modified":"2024-05-27T18:21:19","modified_gmt":"2024-05-27T18:21:19","slug":"politica-de-confidentialitate","status":"publish","type":"page","link":"https:\/\/buchetecriogenate.ro\/ro\/politica-de-confidentialitate\/","title":{"rendered":"Politica de confiden\u021bialitate"},"content":{"rendered":"\t\t<div data-elementor-type=\"wp-page\" data-elementor-id=\"5280\" class=\"elementor elementor-5280\">\n\t\t\t\t\t\t<section class=\"elementor-section elementor-top-section elementor-element elementor-element-4a476ae elementor-section-boxed elementor-section-height-default elementor-section-height-default mkdf-parallax-row-no mkdf-content-aligment-left mkdf-row-grid-no mkdf-disabled-bg-image-bellow-no\" data-id=\"4a476ae\" data-element_type=\"section\">\n\t\t\t\t\t\t<div class=\"elementor-container elementor-column-gap-default\">\n\t\t\t\t\t<div class=\"elementor-column elementor-col-100 elementor-top-column elementor-element elementor-element-5f60269\" data-id=\"5f60269\" data-element_type=\"column\">\n\t\t\t<div class=\"elementor-widget-wrap elementor-element-populated\">\n\t\t\t\t\t\t<div class=\"elementor-element elementor-element-27e5fe6 elementor-widget elementor-widget-text-editor\" data-id=\"27e5fe6\" data-element_type=\"widget\" data-widget_type=\"text-editor.default\">\n\t\t\t\t<div class=\"elementor-widget-container\">\n\t\t\t\t\t\t\t<p><strong>POLITICA DE CONFIDEN\u021aIALITATE<\/strong><\/p><p><span style=\"font-weight: 400;\">Conform cerin\u0163elor Legii nr. 677\/2001 pentru protec\u0163ia persoanelor cu privire la prelucrarea datelor cu caracter personal \u015fi liber\u0103 circula\u021bie a acestor date, modificat\u0103 \u015fi completat\u0103 \u015fi ale Legii nr. 506\/2004 privind prelucrarea datelor cu caracter personal \u015fi protec\u0163ia vie\u0163ii private \u00een sectorul comunica\u0163iilor electronice (se precizeaz\u0103 \u015fi acest act normativ, dup\u0103 caz) SOPHIBELL IMPEX SRL are obliga\u0163ia de a administra \u00een condi\u021bii de siguran\u0163\u0103 \u015fi numai pentru scopurile specificate, datele personale pe care ni le furniza\u0163i despre dumneavoastr\u0103, un membru al familiei dumneavoastr\u0103 ori o alt\u0103 persoan\u0103.<\/span><span style=\"font-weight: 400;\"><br \/><\/span><span style=\"font-weight: 400;\">Scopul colect\u0103rii datelor este de a va putea asigura serviciile noastre, de a va asigura suportul privind comenzile dumneavoastra, de a va aduce la cunostiinta modificarile din cadrul serviciilor noastre si eventualele servicii noi pe care le oferim noi sau partenerii nostrii.<\/span><span style=\"font-weight: 400;\"><br \/><\/span><span style=\"font-weight: 400;\">Nu sunte\u0163i obligat(\u0103) s\u0103 furniza\u0163i datele, dar acestea sunt necesare pentru finalizarea unei comenzi.<\/span><span style=\"font-weight: 400;\"><br \/><\/span><span style=\"font-weight: 400;\">Informa\u0163iile \u00eenregistrate sunt destinate utiliz\u0103rii de c\u0103tre operator \u015fi nu sunt publicate pe site sau in alta parte si nu sunt facute publice. Conform Legii nr. 677\/2001, beneficiati de dreptul de acces, de interventie asupra datelor, dreptul de a nu fi supus unei decizii individuale si dreptul de a va adresa justitiei.<\/span><span style=\"font-weight: 400;\"><br \/><\/span><span style=\"font-weight: 400;\">Datele dumneavoastr\u0103 nu vor fi transferate \u00een alte state.<\/span><span style=\"font-weight: 400;\"><br \/><\/span><span style=\"font-weight: 400;\">Odat\u0103 cu intrarea \u00een vigoare a schimb\u0103rilor majore ale reglement\u0103rilor UE privind confiden\u021bialitatea datelor, portalul <a href=\"https:\/\/buchetecriogenate.ro\/\">buchetecriogenate.ro<\/a> \u0219i-a actualizat \u0219i a anun\u021bat politica de confiden\u021bialitate pentru a se asigura c\u0103 \u00eentreaga activitate \u0219i interac\u021biune cu utilizatorii este conform\u0103 cu normele prev\u0103zute de GDPR.<\/span><span style=\"font-weight: 400;\"><br \/><\/span><span style=\"font-weight: 400;\">Politica ini\u021biat\u0103 a fost actualizat\u0103 \u00eenainte de introducerea Regulamentului UE privind protec\u021bia general\u0103 a datelor (GDPR), care este pus\u0103 \u00een aplicare \u00eencep\u00e2nd cu 25 mai 2018. GDPR va implica schimb\u0103ri pe scar\u0103 larg\u0103 pentru \u00eentreprinderile \u2013 at\u00e2t cele cu sediul \u00een UE, c\u00e2t \u0219i cele din afara UE \u2013 care prelucreaz\u0103 date cu caracter personal ale cet\u0103\u021benilor UE \u2013 prin sporirea semnificativ\u0103 a drepturilor \u0219i protec\u021biei persoanelor.<\/span><\/p><p><span style=\"font-weight: 400;\"><br \/><\/span><b>Politica de protec\u021bie a datelor cu caracter personal<\/b><\/p><p><span style=\"font-weight: 400;\"><br \/><\/span><span style=\"font-weight: 400;\">Aceast\u0103 politic\u0103 se aplic\u0103 portalului <a href=\"https:\/\/buchetecriogenate.ro\/\">buchetecriogenate.ro<\/a> \u0219i tuturor companiilor afiliate, membrilor din conducere \u0219i angaja\u021bilor no\u0219tri. \u201dAfiliat\u201d, \u00een acest caz, implic\u0103 faptul c\u0103 adoptarea acestei Politici poate fi impus\u0103 de c\u0103tre\u00a0<\/span><a href=\"https:\/\/buchetecriogenate.ro\/\">buchetecriogenate.ro<\/a><span style=\"font-weight: 400;\">, \u00een mod direct sau indirect, pe baza votului majorit\u0103\u021bii, al majorit\u0103\u021bii reprezentan\u021bilor din conducere sau printr-un acord.<\/span><\/p><p><span style=\"font-weight: 400;\"><b>DOMENIUL DE APLICARE \u0218I APLICABILITATEA ACESTEI POLITICI<\/b><\/span><\/p><p><span style=\"font-weight: 400;\">Aceast\u0103 politic\u0103 se aplic\u0103 portalului <a href=\"https:\/\/buchetecriogenate.ro\/\">buchetecriogenate.ro<\/a> \u0219i tuturor companiilor afiliate \u0219i angaja\u021bilor no\u0219tri. \u00cen acest caz, \u201cafiliat\u0103\u201d \u00eenseamn\u0103 c\u0103, <a href=\"https:\/\/buchetecriogenate.ro\/\">buchetecriogenate.ro<\/a> poate impune adoptarea acestei politici, direct sau indirect, pe baza votului majoritar, a reprezent\u0103rii conducerii majoritare sau prin acord. Portalul AriaTrends.ro stabile\u0219te \u0219i aplic\u0103 norme interne, cum ar fi regulamentele \u0219i procedurile \u00een conformitate cu aceast\u0103 politic\u0103.<\/span><\/p><p><span style=\"font-weight: 400;\">Politica expune principiile de baz\u0103 ale magazinului online <a href=\"https:\/\/buchetecriogenate.ro\/\">buchetecriogenate.ro<\/a> privind protec\u021bia datelor personale \u0219i standardele de securitate a datelor \u0219i asigur\u0103 conformitatea cu legile \u00een vigoare de protec\u021bie a datelor, na\u021bionale \u0219i interna\u021bionale, \u00een toat\u0103 lumea. \u00cen consecin\u021b\u0103, cuprinde principiile de protec\u021bie a datelor, agreate la nivel interna\u021bional, cu inten\u021bia nu de a substitui, ci de a suplimenta respectivele legi privind protec\u021bia datelor personale \u0219i a confiden\u021bialit\u0103\u021bii (\u201dLegisla\u021bia Na\u021bional\u0103\u201d). Con\u021binutul acestei Politici trebuie observat \u00een absen\u021ba unei Legisla\u021bii Na\u021bionale corespondente sau dac\u0103 Legisla\u021bia Na\u021bional\u0103 ofer\u0103 mai pu\u021bine cerin\u021be dec\u00e2t aceast\u0103 Politic\u0103. Pe de alt\u0103 parte, Legisla\u021bia Na\u021bional\u0103 are \u00eentotdeauna prioritate \u00een cazul unui conflict cu aceast\u0103 Politic\u0103 sau \u00een cazul \u00een care Legisla\u021bia Na\u021bional\u0103 are cerin\u021be mai stricte dec\u00e2t aceast\u0103 Politic\u0103.<\/span><\/p><p><span style=\"font-weight: 400;\">Politica se extinde asupra prelucr\u0103rii tuturor datelor cu caracter personal. \u00cen \u021b\u0103rile \u00een care datele entit\u0103\u021bilor legale sunt protejate \u00een aceea\u0219i m\u0103sur\u0103 ca \u0219i datele personale, Politica se aplic\u0103 \u00een mod egal asupra datelor entit\u0103\u021bilor legale. Datele anonime, ca \u00een cazul evalu\u0103rilor statistice \u0219i a studiilor, nu reprezint\u0103 subiectul acestei Politici.<\/span><\/p><p><b>Principiile portalului buchetecriogenate.ro privind prelucrarea datelor cu caracter personal\u00a0<\/b><\/p><p><span style=\"font-weight: 400;\">Respectarea legilor, corectitudine \u0219i transparen\u021b\u0103.<\/span><span style=\"font-weight: 400;\"><br \/><\/span><span style=\"font-weight: 400;\">Datele personale vor fi colectate \u0219i prelucrate \u00een mod legal, corect \u0219i transparent pentru a proteja drepturile individuale ale subiec\u021bilor datelor.<\/span><\/p><p><b>LIMITAREA LA SCOPUL SPECIFICAT\u00a0<\/b><\/p><p><span style=\"font-weight: 400;\">Datele personale vor fi colectate doar pentru scopuri explicite \u0219i legitime \u0219i nu vor fi prelucrate \u00eentr-un mod incompatibil cu scopurile ini\u021biale.<\/span><\/p><p><b>ACURATE\u021aEA DATELOR\/ACTUALITATEA DATELOR<\/b><\/p><p><span style=\"font-weight: 400;\">Datele personale vor fi precise \u0219i, \u00een cazurile \u00een care este necesar, actualizate constant. <a href=\"https:\/\/buchetecriogenate.ro\/\">buchetecriogenate.ro<\/a> va lua toate m\u0103surile necesare pentru a elimina sau rectifica inadverten\u021bele \u00een mod prompt.<\/span><\/p><p><span style=\"font-weight: 400;\"><br \/><\/span><b>Limitarea la datele necesare<\/b><\/p><p><span style=\"font-weight: 400;\">Datele personale vor fi adecvate, relevante \u0219i limitate la strictul necesar. Datele personale nu vor fi p\u0103strate pentru o perioad\u0103 mai lung\u0103 de timp dec\u00e2t este necesar.<\/span><\/p><p><span style=\"font-weight: 400;\"><br \/><\/span><b>Drepturile subiec\u021bilor datelor cu caracter personal\u00a0<\/b><\/p><p><span style=\"font-weight: 400;\"><br \/><\/span><span style=\"font-weight: 400;\"><a href=\"https:\/\/buchetecriogenate.ro\/\">buchetecriogenate.ro<\/a> respect\u0103 drepturile tuturor subiec\u021bilor datelor, inclusiv drepturile privind accesul la datele acestora, restric\u021bia prelucr\u0103rii sau a \u0219tergerii acestora \u0219i referitor la acurate\u021bea acestora. <a href=\"https:\/\/buchetecriogenate.ro\/\">buchetecriogenate.ro<\/a>\u00a0va furniza informa\u021bii clare \u0219i neambigue despre modul \u0219i scopul colect\u0103rii \u0219i prelucr\u0103rii datelor cu caracter personal ale subiec\u021bilor.<\/span><\/p><p><b>\u0218TERGEREA DATELOR CU CARACTER PERSONAL<\/b><\/p><p><span style=\"font-weight: 400;\">Perioada de p\u0103strare a datelor cu caracter personal va fi definit\u0103. <a href=\"https:\/\/buchetecriogenate.ro\/\">buchetecriogenate.ro<\/a>\u00a0elimin\u0103 datele personale care nu mai sunt necesare \u00een raport cu scopurile pentru care au fost colectate sau \u00een cazul \u00een care consim\u021b\u0103m\u00e2ntul este retras \u0219i nu se mai aplic\u0103 niciun alt scop legitim pentru prelucrarea datelor.<\/span><\/p><p><span style=\"font-weight: 400;\"><br \/><\/span><b>Securitatea prelucr\u0103rii datelor \/ Securitatea datelor<\/b><\/p><p><span style=\"font-weight: 400;\">Datele personale vor fi prelucrate \u00een condi\u021bii de siguran\u021b\u0103. Vor fi luate m\u0103suri tehnice \u0219i organiza\u021bionale adecvate privind securitatea datelor, \u00eempotriva prelucr\u0103rii sau a alter\u0103rii neautorizate, \u00eempotriva pierderii sau a distrugerii, precum \u0219i \u00eempotriva dezv\u0103luirii si a accesului neautorizat la date personale transmise, stocate sau prelucrate. <a href=\"https:\/\/buchetecriogenate.ro\/\">buchetecriogenate.ro<\/a> asigur\u0103, \u00een totalitate, integritatea, disponibilitatea, confiden\u021bialitate \u0219i autenticitatea \u00een ceea ce prive\u0219te datele cu caracter personal. \u00cen eventualitatea unui incident, <a href=\"https:\/\/buchetecriogenate.ro\/\">buchetecriogenate.ro<\/a>\u00a0are abilitatea de a restaura, \u00een timp util, disponibilitatea \u0219i accesul la datele cu caracter personal.<\/span><\/p><p><b>Protec\u021bia implicit\u0103 a datelor cu caracter personal<\/b><\/p><p><span style=\"font-weight: 400;\"><a href=\"https:\/\/buchetecriogenate.ro\/\">buchetecriogenate.ro<\/a>\u00a0va implementa m\u0103surile tehnice \u0219i organiza\u021bionale adecvate pentru a asigura c\u0103 sunt prelucrate doar datele personale necesare scopurilor specificate. Principiul privind protec\u021bia implicit\u0103 a datelor va fi urmat \u00een cursul dezvolt\u0103rii de noi produse.<\/span><\/p><p><b>Responsabilitate<\/b><\/p><p><span style=\"font-weight: 400;\"><a href=\"https:\/\/buchetecriogenate.ro\/\">buchetecriogenate.ro<\/a> \u00ee\u0219i asum\u0103 responsabilitatea pentru toate activit\u0103\u021bile privind prelucrarea datelor cu caracter personal. <a href=\"https:\/\/buchetecriogenate.ro\/\">buchetecriogenate.ro<\/a>\u00a0\u00ee\u0219i manifest\u0103 responsabilitatea \u0219i are capacitatea de a demonstra conformitatea.<\/span><\/p><p><span style=\"font-weight: 400;\">Organizarea <a href=\"https:\/\/buchetecriogenate.ro\/\">buchetecriogenate.ro<\/a>\u00a0privind protec\u021bia datelor cu caracter personal:<\/span><\/p><p><span style=\"font-weight: 400;\">Am procedat la desemnarea unei persoane calificat\u0103, responsabil\u0103 de implementarea \u0219i observarea principiilor men\u021bionate anterior.<\/span><\/p>\t\t\t\t\t\t<\/div>\n\t\t\t\t<\/div>\n\t\t\t\t\t<\/div>\n\t\t<\/div>\n\t\t\t\t\t<\/div>\n\t\t<\/section>\n\t\t\t\t<\/div>\n\t\t","protected":false},"excerpt":{"rendered":"<p>POLITICA DE CONFIDEN\u021aIALITATE Conform cerin\u0163elor Legii nr. 677\/2001 pentru protec\u0163ia persoanelor cu privire la prelucrarea datelor cu caracter personal \u015fi liber\u0103 circula\u021bie a acestor date, modificat\u0103 \u015fi completat\u0103 \u015fi ale Legii nr. 506\/2004 privind prelucrarea datelor cu caracter personal \u015fi [&hellip;]<\/p>\n","protected":false},"author":1,"featured_media":0,"parent":0,"menu_order":0,"comment_status":"closed","ping_status":"closed","template":"","meta":[],"yoast_head":"<!-- This site is optimized with the Yoast SEO plugin v21.5 - https:\/\/yoast.com\/wordpress\/plugins\/seo\/ -->\n<title>Politica de confiden\u021bialitate - Buchete Criogenate<\/title>\n<meta name=\"robots\" content=\"index, follow, max-snippet:-1, max-image-preview:large, max-video-preview:-1\" \/>\n<link rel=\"canonical\" href=\"https:\/\/buchetecriogenate.ro\/ro\/politica-de-confidentialitate\/\" \/>\n<meta property=\"og:locale\" content=\"ro_RO\" \/>\n<meta property=\"og:type\" content=\"article\" \/>\n<meta property=\"og:title\" content=\"Politica de confiden\u021bialitate - Buchete Criogenate\" \/>\n<meta property=\"og:description\" content=\"POLITICA DE CONFIDEN\u021aIALITATE Conform cerin\u0163elor Legii nr. 677\/2001 pentru protec\u0163ia persoanelor cu privire la prelucrarea datelor cu caracter personal \u015fi liber\u0103 circula\u021bie a acestor date, modificat\u0103 \u015fi completat\u0103 \u015fi ale Legii nr. 506\/2004 privind prelucrarea datelor cu caracter personal \u015fi [&hellip;]\" \/>\n<meta property=\"og:url\" content=\"https:\/\/buchetecriogenate.ro\/ro\/politica-de-confidentialitate\/\" \/>\n<meta property=\"og:site_name\" content=\"Buchete Criogenate\" \/>\n<meta property=\"article:publisher\" content=\"https:\/\/www.facebook.com\/AmoreMiobyGabrielle\" \/>\n<meta property=\"article:modified_time\" content=\"2024-05-27T18:21:19+00:00\" \/>\n<meta name=\"twitter:card\" content=\"summary_large_image\" \/>\n<meta name=\"twitter:label1\" content=\"Timp estimat pentru citire\" \/>\n\t<meta name=\"twitter:data1\" content=\"5 minute\" \/>\n<script type=\"application\/ld+json\" class=\"yoast-schema-graph\">{\"@context\":\"https:\/\/schema.org\",\"@graph\":[{\"@type\":\"WebPage\",\"@id\":\"https:\/\/buchetecriogenate.ro\/politica-de-confidentialitate\/\",\"url\":\"https:\/\/buchetecriogenate.ro\/politica-de-confidentialitate\/\",\"name\":\"Politica de confiden\u021bialitate - Buchete Criogenate\",\"isPartOf\":{\"@id\":\"https:\/\/buchetecriogenate.ro\/#website\"},\"datePublished\":\"2020-12-04T23:34:16+00:00\",\"dateModified\":\"2024-05-27T18:21:19+00:00\",\"breadcrumb\":{\"@id\":\"https:\/\/buchetecriogenate.ro\/politica-de-confidentialitate\/#breadcrumb\"},\"inLanguage\":\"ro-RO\",\"potentialAction\":[{\"@type\":\"ReadAction\",\"target\":[\"https:\/\/buchetecriogenate.ro\/politica-de-confidentialitate\/\"]}]},{\"@type\":\"BreadcrumbList\",\"@id\":\"https:\/\/buchetecriogenate.ro\/politica-de-confidentialitate\/#breadcrumb\",\"itemListElement\":[{\"@type\":\"ListItem\",\"position\":1,\"name\":\"Home\",\"item\":\"https:\/\/buchetecriogenate.ro\/\"},{\"@type\":\"ListItem\",\"position\":2,\"name\":\"Politica de confiden\u021bialitate\"}]},{\"@type\":\"WebSite\",\"@id\":\"https:\/\/buchetecriogenate.ro\/#website\",\"url\":\"https:\/\/buchetecriogenate.ro\/\",\"name\":\"Amore-mio\",\"description\":\"Buchete de flori deosebite\",\"publisher\":{\"@id\":\"https:\/\/buchetecriogenate.ro\/#organization\"},\"potentialAction\":[{\"@type\":\"SearchAction\",\"target\":{\"@type\":\"EntryPoint\",\"urlTemplate\":\"https:\/\/buchetecriogenate.ro\/?s={search_term_string}\"},\"query-input\":\"required name=search_term_string\"}],\"inLanguage\":\"ro-RO\"},{\"@type\":\"Organization\",\"@id\":\"https:\/\/buchetecriogenate.ro\/#organization\",\"name\":\"Amore Mio\",\"url\":\"https:\/\/buchetecriogenate.ro\/\",\"logo\":{\"@type\":\"ImageObject\",\"inLanguage\":\"ro-RO\",\"@id\":\"https:\/\/buchetecriogenate.ro\/#\/schema\/logo\/image\/\",\"url\":\"https:\/\/buchetecriogenate.ro\/wp-content\/uploads\/2020\/12\/logo-amore-mio-gabrielle.png\",\"contentUrl\":\"https:\/\/buchetecriogenate.ro\/wp-content\/uploads\/2020\/12\/logo-amore-mio-gabrielle.png\",\"width\":1090,\"height\":515,\"caption\":\"Amore Mio\"},\"image\":{\"@id\":\"https:\/\/buchetecriogenate.ro\/#\/schema\/logo\/image\/\"},\"sameAs\":[\"https:\/\/www.facebook.com\/AmoreMiobyGabrielle\",\"https:\/\/www.instagram.com\/amoremio.ro\/\"]}]}<\/script>\n<!-- \/ Yoast SEO plugin. -->","yoast_head_json":{"title":"Politica de confiden\u021bialitate - Buchete Criogenate","robots":{"index":"index","follow":"follow","max-snippet":"max-snippet:-1","max-image-preview":"max-image-preview:large","max-video-preview":"max-video-preview:-1"},"canonical":"https:\/\/buchetecriogenate.ro\/ro\/politica-de-confidentialitate\/","og_locale":"ro_RO","og_type":"article","og_title":"Politica de confiden\u021bialitate - Buchete Criogenate","og_description":"POLITICA DE CONFIDEN\u021aIALITATE Conform cerin\u0163elor Legii nr. 677\/2001 pentru protec\u0163ia persoanelor cu privire la prelucrarea datelor cu caracter personal \u015fi liber\u0103 circula\u021bie a acestor date, modificat\u0103 \u015fi completat\u0103 \u015fi ale Legii nr. 506\/2004 privind prelucrarea datelor cu caracter personal \u015fi [&hellip;]","og_url":"https:\/\/buchetecriogenate.ro\/ro\/politica-de-confidentialitate\/","og_site_name":"Buchete Criogenate","article_publisher":"https:\/\/www.facebook.com\/AmoreMiobyGabrielle","article_modified_time":"2024-05-27T18:21:19+00:00","twitter_card":"summary_large_image","twitter_misc":{"Timp estimat pentru citire":"5 minute"},"schema":{"@context":"https:\/\/schema.org","@graph":[{"@type":"WebPage","@id":"https:\/\/buchetecriogenate.ro\/politica-de-confidentialitate\/","url":"https:\/\/buchetecriogenate.ro\/politica-de-confidentialitate\/","name":"Politica de confiden\u021bialitate - Buchete Criogenate","isPartOf":{"@id":"https:\/\/buchetecriogenate.ro\/#website"},"datePublished":"2020-12-04T23:34:16+00:00","dateModified":"2024-05-27T18:21:19+00:00","breadcrumb":{"@id":"https:\/\/buchetecriogenate.ro\/politica-de-confidentialitate\/#breadcrumb"},"inLanguage":"ro-RO","potentialAction":[{"@type":"ReadAction","target":["https:\/\/buchetecriogenate.ro\/politica-de-confidentialitate\/"]}]},{"@type":"BreadcrumbList","@id":"https:\/\/buchetecriogenate.ro\/politica-de-confidentialitate\/#breadcrumb","itemListElement":[{"@type":"ListItem","position":1,"name":"Home","item":"https:\/\/buchetecriogenate.ro\/"},{"@type":"ListItem","position":2,"name":"Politica de confiden\u021bialitate"}]},{"@type":"WebSite","@id":"https:\/\/buchetecriogenate.ro\/#website","url":"https:\/\/buchetecriogenate.ro\/","name":"Amore-mio","description":"Buchete de flori deosebite","publisher":{"@id":"https:\/\/buchetecriogenate.ro\/#organization"},"potentialAction":[{"@type":"SearchAction","target":{"@type":"EntryPoint","urlTemplate":"https:\/\/buchetecriogenate.ro\/?s={search_term_string}"},"query-input":"required name=search_term_string"}],"inLanguage":"ro-RO"},{"@type":"Organization","@id":"https:\/\/buchetecriogenate.ro\/#organization","name":"Amore Mio","url":"https:\/\/buchetecriogenate.ro\/","logo":{"@type":"ImageObject","inLanguage":"ro-RO","@id":"https:\/\/buchetecriogenate.ro\/#\/schema\/logo\/image\/","url":"https:\/\/buchetecriogenate.ro\/wp-content\/uploads\/2020\/12\/logo-amore-mio-gabrielle.png","contentUrl":"https:\/\/buchetecriogenate.ro\/wp-content\/uploads\/2020\/12\/logo-amore-mio-gabrielle.png","width":1090,"height":515,"caption":"Amore Mio"},"image":{"@id":"https:\/\/buchetecriogenate.ro\/#\/schema\/logo\/image\/"},"sameAs":["https:\/\/www.facebook.com\/AmoreMiobyGabrielle","https:\/\/www.instagram.com\/amoremio.ro\/"]}]}},"_links":{"self":[{"href":"https:\/\/buchetecriogenate.ro\/ro\/wp-json\/wp\/v2\/pages\/5280"}],"collection":[{"href":"https:\/\/buchetecriogenate.ro\/ro\/wp-json\/wp\/v2\/pages"}],"about":[{"href":"https:\/\/buchetecriogenate.ro\/ro\/wp-json\/wp\/v2\/types\/page"}],"author":[{"embeddable":true,"href":"https:\/\/buchetecriogenate.ro\/ro\/wp-json\/wp\/v2\/users\/1"}],"replies":[{"embeddable":true,"href":"https:\/\/buchetecriogenate.ro\/ro\/wp-json\/wp\/v2\/comments?post=5280"}],"version-history":[{"count":17,"href":"https:\/\/buchetecriogenate.ro\/ro\/wp-json\/wp\/v2\/pages\/5280\/revisions"}],"predecessor-version":[{"id":6731,"href":"https:\/\/buchetecriogenate.ro\/ro\/wp-json\/wp\/v2\/pages\/5280\/revisions\/6731"}],"wp:attachment":[{"href":"https:\/\/buchetecriogenate.ro\/ro\/wp-json\/wp\/v2\/media?parent=5280"}],"curies":[{"name":"wp","href":"https:\/\/api.w.org\/{rel}","templated":true}]}}