{"id":5296,"date":"2020-12-05T00:01:19","date_gmt":"2020-12-05T00:01:19","guid":{"rendered":"https:\/\/buchetecriogenate.ro\/?page_id=5296"},"modified":"2020-12-05T00:05:24","modified_gmt":"2020-12-05T00:05:24","slug":"livrari-si-retururi","status":"publish","type":"page","link":"https:\/\/buchetecriogenate.ro\/ro\/livrari-si-retururi\/","title":{"rendered":"Livr\u0103ri \u0219i retururi"},"content":{"rendered":"\t\t<div data-elementor-type=\"wp-page\" data-elementor-id=\"5296\" class=\"elementor elementor-5296\">\n\t\t\t\t\t\t<section class=\"elementor-section elementor-top-section elementor-element elementor-element-4a476ae elementor-section-boxed elementor-section-height-default elementor-section-height-default mkdf-parallax-row-no mkdf-content-aligment-left mkdf-row-grid-no mkdf-disabled-bg-image-bellow-no\" data-id=\"4a476ae\" data-element_type=\"section\">\n\t\t\t\t\t\t<div class=\"elementor-container elementor-column-gap-default\">\n\t\t\t\t\t<div class=\"elementor-column elementor-col-100 elementor-top-column elementor-element elementor-element-5f60269\" data-id=\"5f60269\" data-element_type=\"column\">\n\t\t\t<div class=\"elementor-widget-wrap elementor-element-populated\">\n\t\t\t\t\t\t<div class=\"elementor-element elementor-element-27e5fe6 elementor-widget elementor-widget-text-editor\" data-id=\"27e5fe6\" data-element_type=\"widget\" data-widget_type=\"text-editor.default\">\n\t\t\t\t<div class=\"elementor-widget-container\">\n\t\t\t\t\t\t\t<p><span style=\"font-weight: 400;\">COSTURILE \u0218I CONDI\u021aIILE DE LIVRARE A COLETULUI<\/span><\/p><p><span style=\"font-weight: 400;\"><br \/><\/span><span style=\"font-weight: 400;\">Transportul este gratuit pentru articole florale, restul articolelor av\u00e2nd un pre\u021b de livrare de 30 de lei. Se livreaz\u0103 doar \u00een Bucure\u0219ti \u0219i Ilfov. La cerere, se poate livra \u00een restul Rom\u00e2niei.<\/span><\/p><p><span style=\"font-weight: 400;\"><br \/><\/span><span style=\"font-weight: 400;\">Costul livr\u0103rii este stabilit \u00een func\u021bie de zona de livrare, durata necesar\u0103 livr\u0103rii \u0219i greutatea coletului. Coletele vor fi livrate \u00eentre orele 9:00 \u2013 18:00, de luni p\u00e2n\u0103 vineri. Pentru colete intre 0,1 kg \u2013 1 kg pre\u021burile sunt urm\u0103toarele:<\/span><span style=\"font-weight: 400;\"><br \/><\/span><span style=\"font-weight: 400;\">BUCURE\u0218TI: Expedi\u0163ii \u00een interiorul municipiului Bucure\u0219ti. <\/span><\/p><p><span style=\"font-weight: 400;\">Termenul de livrare din pagina de produs +24h transportul coletului\u00a0\u2013\u00a030\u00a0lei<\/span><\/p><p><span style=\"font-weight: 400;\"><br \/><\/span><span style=\"font-weight: 400;\">NA\u021aIONAL: Livrare in Rom\u00e2nia.<\/span><\/p><p><span style=\"font-weight: 400;\"> Termenul de livrare din pagina de produs +24-48h transportul coletului\u2013\u00a0(Pre\u021bul este stabilit \u00eempreun\u0103)<\/span><span style=\"font-weight: 400;\">Comenzile trimise \u00een zilele lucr\u0103toare p\u00e2n\u0103 la ora 17 se vor \u00eenregistra \u00een ziua urm\u0103toare \u0219i vor fi livrate conform termenului de livrare specificat \u00een pagina de produs. Pentru produsele care necesit\u0103 o perioad\u0103 mai mare de execu\u021bie \u2013 specificat\u0103 \u00een pagina de produs \u2013 livrarea se face conform acestei perioade.<\/span><span style=\"font-weight: 400;\">Dac\u0103 produsul este disponibil \u00eentr-o perioad\u0103 mai scurt\u0103 dec\u00e2t cea precizat\u0103 \u00een pagina de produs ve\u021bi fi informat prin e-mail \u0219i vi se va comunica data exact\u0103 a livr\u0103rii.<\/span><\/p><p><span style=\"font-weight: 400;\"><br \/><\/span><span style=\"font-weight: 400;\">Odat\u0103 cu plasare<\/span><span style=\"font-weight: 400;\">a comenzii pute\u021bi specifica la rubrica \u201cObserva\u021bii\u201d \u00a0intervalul orar c\u00e2nd se poate face livrarea la adresa indicat\u0103 de dumneavoastr\u0103.<\/span><span style=\"font-weight: 400;\"><br \/><\/span><span style=\"font-weight: 400;\">Reprezentantul firmei de curierat v\u0103 va contacta telefonic \u00eenainte de livrarea coletului. \u00cen situa\u021bia \u00een care nu sunte\u021bi g\u0103sit la adresa men\u021bionat\u0103 \u00een intervalul orar precizat de dumneavoastr\u0103 curierul va lua telefonic leg\u0103tura cu dumneavoastr\u0103 pentru a stabili ora \u0219i adresa la care va reveni a doua zi.<\/span><span style=\"font-weight: 400;\"><br \/><\/span><span style=\"font-weight: 400;\">\u00cen situa\u021bia \u00een care nu ve\u021bi fi prezent la revenirea curierului, comanda dumneavoastr\u0103 se va anula iar produsul\/produsele vor fi returnate la sediul SOPHIBELL IMPEX SRL<\/span><\/p><p><span style=\"font-weight: 400;\"><br \/><\/span><span style=\"font-weight: 400;\">Costurile unei noi livari vor fi suportate \u00een \u00eentregime de dumeavoastr\u0103 dac\u0103 dori\u021bi revenirea curierului cu produsele comandate, \u00een situa\u021bia \u00een care produsele mai sunt disponibile. V\u0103 rug\u0103m ca la recep\u021bia coletului s\u0103 verifica\u021bi cu aten\u021bie integritatea acestuia \u0219i s\u0103 nu accepta\u021bi colete care prezint\u0103 urme de deteriorare sau dac\u0103 au fost desf\u0103cute. Factura Fiscal\u0103 ce \u00eenso\u021be\u0219te produsul are valoare de Contract de v\u00e2nzare-cump\u0103rare conform legisla\u021biei rom\u00e2ne\u0219ti \u00een vigoare.<\/span><\/p><p><span style=\"font-weight: 400;\"><br \/><\/span><span style=\"font-weight: 400;\">Preciz\u0103m c\u0103 produsele livrate de SOPHIBELL IMPEX SRL sunt ambalate corespunz\u0103tor pentru a preveni deteriorarea coletului \u0219i a con\u021binutului iar la predarea coletelor c\u0103tre firma de curierat coletele sunt sigilate \u0219i \u00een stare integr\u0103. Firma SOPHIBELL IMPEX SRL nu poate fi tras\u0103 la r\u0103spundere pentru eventualele distrugeri sau pierderi ale coletelor.<\/span><\/p><p><span style=\"font-weight: 400;\"><br \/><\/span><span style=\"font-weight: 400;\">Dac\u0103 vor exista situa\u021bii de for\u021ba major\u0103 sau dac\u0103 din motive independente de SOPHIBELL IMPEX SRL nu se va putea onora comanda dumneavoastr\u0103, ne rezervam dreptul de a \u00eent\u00e2rzia sau a nu livra produsele comandate, acest aspect urm\u00e2nd a fi adus la cuno\u0219tin\u021ba dumneavoastr\u0103.\u00a0 Dac\u0103 vor exista situa\u021bii \u00een care se dovede\u0219te culpa SOPHIBELL IMPEX SRL, valoarea maxima a daunelor pl\u0103tite nu poate dep\u0103\u0219i valoarea produsului ce face obiectul desp\u0103gubirii. Erorile de produc\u021bie apar\u021bin \u00een exclusivitate produc\u0103torilor iar SOPHIBELL IMPEX SRL nu poate fi f\u0103cut\u0103 responsabil\u0103 pentru eventualele defecte ale produselor.<\/span><span style=\"font-weight: 400;\"><br \/><\/span><span style=\"font-weight: 400;\">SOPHIBELL IMPEX SRL mediaz\u0103 procesul de asigurare a Garan\u021biei produsului conform termenelor legale \u00eentre dumneavoastr\u0103 \u0219i produc\u0103tor. <\/span><\/p><p><span style=\"font-weight: 400;\">Pentru solu\u021bionarea acestor situa\u021bii v\u0103 rug\u0103m s\u0103 contacta\u021bi reprezentantul SOPHIBELL IMPEX SRL la adresele disponibile.<\/span><span style=\"font-weight: 400;\"><br \/><\/span><span style=\"font-weight: 400;\">DREPTUL DE RETURNARE A PRODUSELOR CUMP\u0102RATE DE PE SITE-UL <a href=\"https:\/\/buchetecriogenate.ro\/\">amore-mio.ro<\/a>\u00a0<\/span><span style=\"font-weight: 400;\"><br \/><\/span><span style=\"font-weight: 400;\"><a href=\"https:\/\/buchetecriogenate.ro\/\">amore-mio.ro<\/a> v\u0103 asigur\u0103 posibilitatea ca \u00een termen de 14 zile lucr\u0103toare de la primirea coletului s\u0103 returna\u021bi produsul comandat, f\u0103r\u0103 penalit\u0103\u021bi, cu condi\u021bia s\u0103 fie \u00eentrunite condi\u021biile de mai jos.<\/span><span style=\"font-weight: 400;\"><br \/><\/span><span style=\"font-weight: 400;\">V\u0103 rug\u0103m s\u0103 respecta\u021bi termenul de informare privind inten\u021bia de returnare precum \u0219i termenul de returnare prev\u0103zut legal.<\/span><\/p><p><span style=\"font-weight: 400;\"><br \/><\/span><span style=\"font-weight: 400;\">Dup\u0103 recep\u021bia coletului dumneavoastr\u0103 \u0219i validarea returului suma aferent\u0103 produsului\/produselor returnate (excluz\u00e2nd taxa de transport suportat\u0103 de SOPHIBELL IMPEX SRL la expedierea comenzii) va fi virat\u0103 \u00een maxim 3 de zile \u00een contul bancar specificat de dumneavoastr\u0103.<\/span><span style=\"font-weight: 400;\"><br \/><\/span><span style=\"font-weight: 400;\">Pentru validarea returului este necesar ca produsul s\u0103 fie \u00een perfect\u0103 stare, s\u0103 nu prezinte semne de uzur\u0103 sau deteriorare (ciobire, zg\u00e2riere, deformare, rupere,etc.), s\u0103 prezinte toate etichetele \u0219i sigiliile originale cu care a fost livrat, s\u0103 fie livrat \u00een ambalajul original, \u00eenso\u021bit de accesoriile \u0219i\/sau consumabilele aferente \u0219i s\u0103 nu prezinte urme de sp\u0103lare, purtare sau mirosuri specifice de parfum sau detergent.<\/span><\/p><p><span style=\"font-weight: 400;\"><br \/><\/span><span style=\"font-weight: 400;\">Produsele care nu \u00eendeplinesc condi\u021biile de mai sus nu vor fi considerate produse cu defecte si nu vor fi acceptate ca retur.<\/span><span style=\"font-weight: 400;\"><br \/><\/span><span style=\"font-weight: 400;\">\u00cen situa\u021bia \u00een care coletul primit de dumneavoastr\u0103 con\u021bine alte produse dec\u00e2t cele comandate de dumneavoastr\u0103, cheltuielile privind returnarea coletului vor fi suportate de SOPHIBELL IMPEX SRL.<\/span><\/p><p><span style=\"font-weight: 400;\"><br \/><\/span><span style=\"font-weight: 400;\">\u00cenainte de returnarea produsului\/produselor v\u0103 rug\u0103m s\u0103 ne informa\u021bi \u00een scris complet\u00e2nd Formularul de retur produs \u2013 prezent \u00een cutia de livrare \u0219i trimi\u021b\u00e2nd un e-mail la adresa\u00a0office@buchetecriogenate.ro<\/span><\/p><p><span style=\"font-weight: 400;\"><br \/><\/span><span style=\"font-weight: 400;\">Costurile de returnare prin curierat sunt suportate de c\u0103tre client excluz\u00e2nd produsele care \u00een momentul comenzii beneficiau de op\u021biunea \u201cRetur gratuit\u201d.\u00a0\u00a0V\u0103 inform\u0103m c\u0103 nu acceptam colete cu plat\u0103 la livrare sau colete transmise prin PO\u0218TA ROMANA.<\/span><\/p><p><span style=\"font-weight: 400;\"><br \/><\/span><span style=\"font-weight: 400;\">Politica de retur se aplic\u0103 \u00een exclusivitate produselor prezentate pe website-ul <a href=\"https:\/\/buchetecriogenate.ro\/\">amore-mio.ro<\/a><\/span><\/p><p><span style=\"font-weight: 400;\"><br \/><\/span><span style=\"font-weight: 400;\">Conform legii (O.U.G. 34\/2014), politica de returnare se adreseaz\u0103\u00a0doar persoanelor fizice.<\/span><\/p><p><span style=\"font-weight: 400;\"><br \/><\/span><span style=\"font-weight: 400;\">Pentru persoanele juridice returnarea produselor este valabil\u0103 doar in cazul unor defecte de fabrica\u021bie sau a lipsei de conformitate.<\/span><\/p><p><span style=\"font-weight: 400;\"><br \/><\/span><span style=\"font-weight: 400;\">Politica de returnare\u00a0nu se aplic\u0103\u00a0acelor produse executate dup\u0103 specifica\u021biile consumatorului\u00a0sau a unor produse distinct personalizate, precum \u0219i a acelora care, prin natura lor, nu pot fi returnate sau care se pot degrada ori deteriora rapid.<\/span><\/p>\t\t\t\t\t\t<\/div>\n\t\t\t\t<\/div>\n\t\t\t\t\t<\/div>\n\t\t<\/div>\n\t\t\t\t\t<\/div>\n\t\t<\/section>\n\t\t\t\t<\/div>\n\t\t","protected":false},"excerpt":{"rendered":"<p>COSTURILE \u0218I CONDI\u021aIILE DE LIVRARE A COLETULUI Transportul este gratuit pentru articole florale, restul articolelor av\u00e2nd un pre\u021b de livrare de 30 de lei. Se livreaz\u0103 doar \u00een Bucure\u0219ti \u0219i Ilfov. La cerere, se poate livra \u00een restul Rom\u00e2niei. Costul [&hellip;]<\/p>\n","protected":false},"author":1,"featured_media":0,"parent":0,"menu_order":0,"comment_status":"closed","ping_status":"closed","template":"","meta":[],"yoast_head":"<!-- This site is optimized with the Yoast SEO plugin v21.5 - https:\/\/yoast.com\/wordpress\/plugins\/seo\/ -->\n<title>Livr\u0103ri \u0219i retururi - Buchete Criogenate<\/title>\n<meta name=\"robots\" content=\"index, follow, max-snippet:-1, max-image-preview:large, max-video-preview:-1\" \/>\n<link rel=\"canonical\" href=\"https:\/\/buchetecriogenate.ro\/ro\/livrari-si-retururi\/\" \/>\n<meta property=\"og:locale\" content=\"ro_RO\" \/>\n<meta property=\"og:type\" content=\"article\" \/>\n<meta property=\"og:title\" content=\"Livr\u0103ri \u0219i retururi - Buchete Criogenate\" \/>\n<meta property=\"og:description\" content=\"COSTURILE \u0218I CONDI\u021aIILE DE LIVRARE A COLETULUI Transportul este gratuit pentru articole florale, restul articolelor av\u00e2nd un pre\u021b de livrare de 30 de lei. Se livreaz\u0103 doar \u00een Bucure\u0219ti \u0219i Ilfov. La cerere, se poate livra \u00een restul Rom\u00e2niei. Costul [&hellip;]\" \/>\n<meta property=\"og:url\" content=\"https:\/\/buchetecriogenate.ro\/ro\/livrari-si-retururi\/\" \/>\n<meta property=\"og:site_name\" content=\"Buchete Criogenate\" \/>\n<meta property=\"article:publisher\" content=\"https:\/\/www.facebook.com\/AmoreMiobyGabrielle\" \/>\n<meta property=\"article:modified_time\" content=\"2020-12-05T00:05:24+00:00\" \/>\n<meta name=\"twitter:card\" content=\"summary_large_image\" \/>\n<meta name=\"twitter:label1\" content=\"Timp estimat pentru citire\" \/>\n\t<meta name=\"twitter:data1\" content=\"5 minute\" \/>\n<script type=\"application\/ld+json\" class=\"yoast-schema-graph\">{\"@context\":\"https:\/\/schema.org\",\"@graph\":[{\"@type\":\"WebPage\",\"@id\":\"https:\/\/buchetecriogenate.ro\/livrari-si-retururi\/\",\"url\":\"https:\/\/buchetecriogenate.ro\/livrari-si-retururi\/\",\"name\":\"Livr\u0103ri \u0219i retururi - Buchete Criogenate\",\"isPartOf\":{\"@id\":\"https:\/\/buchetecriogenate.ro\/#website\"},\"datePublished\":\"2020-12-05T00:01:19+00:00\",\"dateModified\":\"2020-12-05T00:05:24+00:00\",\"breadcrumb\":{\"@id\":\"https:\/\/buchetecriogenate.ro\/livrari-si-retururi\/#breadcrumb\"},\"inLanguage\":\"ro-RO\",\"potentialAction\":[{\"@type\":\"ReadAction\",\"target\":[\"https:\/\/buchetecriogenate.ro\/livrari-si-retururi\/\"]}]},{\"@type\":\"BreadcrumbList\",\"@id\":\"https:\/\/buchetecriogenate.ro\/livrari-si-retururi\/#breadcrumb\",\"itemListElement\":[{\"@type\":\"ListItem\",\"position\":1,\"name\":\"Home\",\"item\":\"https:\/\/buchetecriogenate.ro\/\"},{\"@type\":\"ListItem\",\"position\":2,\"name\":\"Livr\u0103ri \u0219i retururi\"}]},{\"@type\":\"WebSite\",\"@id\":\"https:\/\/buchetecriogenate.ro\/#website\",\"url\":\"https:\/\/buchetecriogenate.ro\/\",\"name\":\"Amore-mio\",\"description\":\"Buchete de flori deosebite\",\"publisher\":{\"@id\":\"https:\/\/buchetecriogenate.ro\/#organization\"},\"potentialAction\":[{\"@type\":\"SearchAction\",\"target\":{\"@type\":\"EntryPoint\",\"urlTemplate\":\"https:\/\/buchetecriogenate.ro\/?s={search_term_string}\"},\"query-input\":\"required name=search_term_string\"}],\"inLanguage\":\"ro-RO\"},{\"@type\":\"Organization\",\"@id\":\"https:\/\/buchetecriogenate.ro\/#organization\",\"name\":\"Amore Mio\",\"url\":\"https:\/\/buchetecriogenate.ro\/\",\"logo\":{\"@type\":\"ImageObject\",\"inLanguage\":\"ro-RO\",\"@id\":\"https:\/\/buchetecriogenate.ro\/#\/schema\/logo\/image\/\",\"url\":\"https:\/\/buchetecriogenate.ro\/wp-content\/uploads\/2020\/12\/logo-amore-mio-gabrielle.png\",\"contentUrl\":\"https:\/\/buchetecriogenate.ro\/wp-content\/uploads\/2020\/12\/logo-amore-mio-gabrielle.png\",\"width\":1090,\"height\":515,\"caption\":\"Amore Mio\"},\"image\":{\"@id\":\"https:\/\/buchetecriogenate.ro\/#\/schema\/logo\/image\/\"},\"sameAs\":[\"https:\/\/www.facebook.com\/AmoreMiobyGabrielle\",\"https:\/\/www.instagram.com\/amoremio.ro\/\"]}]}<\/script>\n<!-- \/ Yoast SEO plugin. -->","yoast_head_json":{"title":"Livr\u0103ri \u0219i retururi - Buchete Criogenate","robots":{"index":"index","follow":"follow","max-snippet":"max-snippet:-1","max-image-preview":"max-image-preview:large","max-video-preview":"max-video-preview:-1"},"canonical":"https:\/\/buchetecriogenate.ro\/ro\/livrari-si-retururi\/","og_locale":"ro_RO","og_type":"article","og_title":"Livr\u0103ri \u0219i retururi - Buchete Criogenate","og_description":"COSTURILE \u0218I CONDI\u021aIILE DE LIVRARE A COLETULUI Transportul este gratuit pentru articole florale, restul articolelor av\u00e2nd un pre\u021b de livrare de 30 de lei. Se livreaz\u0103 doar \u00een Bucure\u0219ti \u0219i Ilfov. La cerere, se poate livra \u00een restul Rom\u00e2niei. Costul [&hellip;]","og_url":"https:\/\/buchetecriogenate.ro\/ro\/livrari-si-retururi\/","og_site_name":"Buchete Criogenate","article_publisher":"https:\/\/www.facebook.com\/AmoreMiobyGabrielle","article_modified_time":"2020-12-05T00:05:24+00:00","twitter_card":"summary_large_image","twitter_misc":{"Timp estimat pentru citire":"5 minute"},"schema":{"@context":"https:\/\/schema.org","@graph":[{"@type":"WebPage","@id":"https:\/\/buchetecriogenate.ro\/livrari-si-retururi\/","url":"https:\/\/buchetecriogenate.ro\/livrari-si-retururi\/","name":"Livr\u0103ri \u0219i retururi - Buchete Criogenate","isPartOf":{"@id":"https:\/\/buchetecriogenate.ro\/#website"},"datePublished":"2020-12-05T00:01:19+00:00","dateModified":"2020-12-05T00:05:24+00:00","breadcrumb":{"@id":"https:\/\/buchetecriogenate.ro\/livrari-si-retururi\/#breadcrumb"},"inLanguage":"ro-RO","potentialAction":[{"@type":"ReadAction","target":["https:\/\/buchetecriogenate.ro\/livrari-si-retururi\/"]}]},{"@type":"BreadcrumbList","@id":"https:\/\/buchetecriogenate.ro\/livrari-si-retururi\/#breadcrumb","itemListElement":[{"@type":"ListItem","position":1,"name":"Home","item":"https:\/\/buchetecriogenate.ro\/"},{"@type":"ListItem","position":2,"name":"Livr\u0103ri \u0219i retururi"}]},{"@type":"WebSite","@id":"https:\/\/buchetecriogenate.ro\/#website","url":"https:\/\/buchetecriogenate.ro\/","name":"Amore-mio","description":"Buchete de flori deosebite","publisher":{"@id":"https:\/\/buchetecriogenate.ro\/#organization"},"potentialAction":[{"@type":"SearchAction","target":{"@type":"EntryPoint","urlTemplate":"https:\/\/buchetecriogenate.ro\/?s={search_term_string}"},"query-input":"required name=search_term_string"}],"inLanguage":"ro-RO"},{"@type":"Organization","@id":"https:\/\/buchetecriogenate.ro\/#organization","name":"Amore Mio","url":"https:\/\/buchetecriogenate.ro\/","logo":{"@type":"ImageObject","inLanguage":"ro-RO","@id":"https:\/\/buchetecriogenate.ro\/#\/schema\/logo\/image\/","url":"https:\/\/buchetecriogenate.ro\/wp-content\/uploads\/2020\/12\/logo-amore-mio-gabrielle.png","contentUrl":"https:\/\/buchetecriogenate.ro\/wp-content\/uploads\/2020\/12\/logo-amore-mio-gabrielle.png","width":1090,"height":515,"caption":"Amore Mio"},"image":{"@id":"https:\/\/buchetecriogenate.ro\/#\/schema\/logo\/image\/"},"sameAs":["https:\/\/www.facebook.com\/AmoreMiobyGabrielle","https:\/\/www.instagram.com\/amoremio.ro\/"]}]}},"_links":{"self":[{"href":"https:\/\/buchetecriogenate.ro\/ro\/wp-json\/wp\/v2\/pages\/5296"}],"collection":[{"href":"https:\/\/buchetecriogenate.ro\/ro\/wp-json\/wp\/v2\/pages"}],"about":[{"href":"https:\/\/buchetecriogenate.ro\/ro\/wp-json\/wp\/v2\/types\/page"}],"author":[{"embeddable":true,"href":"https:\/\/buchetecriogenate.ro\/ro\/wp-json\/wp\/v2\/users\/1"}],"replies":[{"embeddable":true,"href":"https:\/\/buchetecriogenate.ro\/ro\/wp-json\/wp\/v2\/comments?post=5296"}],"version-history":[{"count":4,"href":"https:\/\/buchetecriogenate.ro\/ro\/wp-json\/wp\/v2\/pages\/5296\/revisions"}],"predecessor-version":[{"id":5300,"href":"https:\/\/buchetecriogenate.ro\/ro\/wp-json\/wp\/v2\/pages\/5296\/revisions\/5300"}],"wp:attachment":[{"href":"https:\/\/buchetecriogenate.ro\/ro\/wp-json\/wp\/v2\/media?parent=5296"}],"curies":[{"name":"wp","href":"https:\/\/api.w.org\/{rel}","templated":true}]}}