{"id":5301,"date":"2020-12-05T00:06:22","date_gmt":"2020-12-05T00:06:22","guid":{"rendered":"https:\/\/buchetecriogenate.ro\/?page_id=5301"},"modified":"2024-05-27T18:18:09","modified_gmt":"2024-05-27T18:18:09","slug":"metode-de-plata","status":"publish","type":"page","link":"https:\/\/buchetecriogenate.ro\/ro\/metode-de-plata\/","title":{"rendered":"Metode de plat\u0103"},"content":{"rendered":"\t\t<div data-elementor-type=\"wp-page\" data-elementor-id=\"5301\" class=\"elementor elementor-5301\">\n\t\t\t\t\t\t<section class=\"elementor-section elementor-top-section elementor-element elementor-element-4a476ae elementor-section-boxed elementor-section-height-default elementor-section-height-default mkdf-parallax-row-no mkdf-content-aligment-left mkdf-row-grid-no mkdf-disabled-bg-image-bellow-no\" data-id=\"4a476ae\" data-element_type=\"section\">\n\t\t\t\t\t\t<div class=\"elementor-container elementor-column-gap-default\">\n\t\t\t\t\t<div class=\"elementor-column elementor-col-100 elementor-top-column elementor-element elementor-element-5f60269\" data-id=\"5f60269\" data-element_type=\"column\">\n\t\t\t<div class=\"elementor-widget-wrap elementor-element-populated\">\n\t\t\t\t\t\t<div class=\"elementor-element elementor-element-27e5fe6 elementor-widget elementor-widget-text-editor\" data-id=\"27e5fe6\" data-element_type=\"widget\" data-widget_type=\"text-editor.default\">\n\t\t\t\t<div class=\"elementor-widget-container\">\n\t\t\t\t\t\t\t<p><span style=\"font-weight: 400;\">METODE DE PLAT\u0102 A PRODUSELOR COMANDATE PE SITE-UL buchetecriogenate.ro<\/span><\/p><p><span style=\"font-weight: 400;\">1.SISTEM RAMBURS<\/span><span style=\"font-weight: 400;\"><br \/><\/span><span style=\"font-weight: 400;\">Plata se va face la livrarea coletului cu produsele comandate de c\u0103tre firma de curierat partener\u0103 Buchete Criogenate. \u00cen func\u021bie de modalitatea de livrare pe care o alege\u021bi (Bucure\u0219ti, Metropolitan sau Na\u021bional) pre\u021bul serviciilor de curierat poate avea tarife diferite except\u00e2nd cazul \u00een care pentru produsul comandat transportul este gratuit.<\/span><\/p><p>\u00a0<\/p><p><span style=\"font-weight: 400;\">2.PLATA ONLINE CU CARD BANCAR VISA SAU MASTERCARD<\/span><span style=\"font-weight: 400;\"><br \/><\/span><span style=\"font-weight: 400;\">Produsele achizi\u021bionate online \u00een cadrul magazinului buchetecriogenate.ro pot fi achitate cu cardul de credit\/debit prin intermediul serviciului de plata online EuPlatesc.<\/span><span style=\"font-weight: 400;\"><br \/><\/span><\/p><p>In cazul optiunii de plata\u00a0<strong>&#8222;Online prin card bancar&#8221;<\/strong>\u00a0veti fi redirectionat catre pagina securizata a procesatorului de plati unde veti completa un formular cu informatiile despre cardul dumneavoastra.<\/p><p>\u00a0&#8211; Platile cu carduri de credit\/debit emise sub sigla Visa si MasterCard (Visa\/Visa Electron si MasterCard\/Maestro)\u00a0se efectuaeaza prin intermediul sistemului\u00a0<strong>&#8222;3-D Secure&#8221;\u00a0<\/strong>dezvoltat de organizatiile de carduri Visa\/MasterCard si care asigura tranzactiilor on-line acelasi nivel de securitate ca al celor realizate la bancomat sau in mediul fizic, la comerciant.<\/p><p>\u00a0&#8211; &#8222;3-D Secure&#8221; asigura in primul rand ca nici o informatie legata de cardul dumneavoastra nu este transferata sau stocata,\u00a0la nici un moment de timp, pe serverele magazinului virtual.<\/p><p>Important de stiut! &#8211; Pentru platile prin card bancar nu este perceput nici un comision de la detinatorul de card!<\/p><p><span style=\"font-weight: 400;\"><br \/><\/span><span style=\"font-weight: 400;\">Pre\u021burile afi\u0219ate pe website-ul buchetecriogenate.ro sunt exprimate \u00een lei, reprezint\u0103 pre\u021bul final de v\u00e2nzare \u0219i se vor reg\u0103si \u00een consola de plat\u0103 online a EuPlatesc.<\/span><span style=\"font-weight: 400;\"><br \/><\/span><span style=\"font-weight: 400;\">Cardurile acceptate la plat\u0103 sunt cele emise sub siglele VISA (Classic si Electron) \u0219i MASTERCARD (inclusiv Maestro, dac\u0103 au cod CVV\/CV2).<\/span><span style=\"font-weight: 400;\"><br \/><\/span><span style=\"font-weight: 400;\">SOPHIBELL IMPEX SRL garanteaz\u0103 c\u0103 pre\u021bul afi\u0219at \u00een pagina produsului\/\u00een co\u0219ul de cump\u0103r\u0103turi \u0219i cel din consola de plat\u0103 online EuPlatesc sunt pre\u021buri finale \u0219i nu este perceput nici un comision suplimentar sau alte costuri pentru tranzac\u021bii, cu excep\u021bia costului de livrare prev\u0103zut \u00een site.<\/span><\/p><p>\u00a0<\/p><p><span style=\"font-weight: 400;\">3.PLATA PRIN TRANSFER BANCAR<\/span><span style=\"font-weight: 400;\"><br \/><\/span><span style=\"font-weight: 400;\">Sunt prezente pe site toate detaliile necesare pentru a efectua plata direct din contul dvs prin transfer bancar.<\/span><span style=\"font-weight: 400;\"><br \/><\/span><span style=\"font-weight: 400;\">Daca a\u021bi optat pentru Plata prin transfer bancar, comanda va fi validata dup\u0103 ce avem confirmarea pl\u0103\u021bii.<\/span><\/p>\t\t\t\t\t\t<\/div>\n\t\t\t\t<\/div>\n\t\t\t\t\t<\/div>\n\t\t<\/div>\n\t\t\t\t\t<\/div>\n\t\t<\/section>\n\t\t\t\t<\/div>\n\t\t","protected":false},"excerpt":{"rendered":"<p>METODE DE PLAT\u0102 A PRODUSELOR COMANDATE PE SITE-UL buchetecriogenate.ro 1.SISTEM RAMBURSPlata se va face la livrarea coletului cu produsele comandate de c\u0103tre firma de curierat partener\u0103 Buchete Criogenate. \u00cen func\u021bie de modalitatea de livrare pe care o alege\u021bi (Bucure\u0219ti, Metropolitan [&hellip;]<\/p>\n","protected":false},"author":1,"featured_media":0,"parent":0,"menu_order":0,"comment_status":"closed","ping_status":"closed","template":"","meta":[],"yoast_head":"<!-- This site is optimized with the Yoast SEO plugin v21.5 - https:\/\/yoast.com\/wordpress\/plugins\/seo\/ -->\n<title>Metode de plat\u0103 - Buchete Criogenate<\/title>\n<meta name=\"robots\" content=\"index, follow, max-snippet:-1, max-image-preview:large, max-video-preview:-1\" \/>\n<link rel=\"canonical\" href=\"https:\/\/buchetecriogenate.ro\/ro\/metode-de-plata\/\" \/>\n<meta property=\"og:locale\" content=\"ro_RO\" \/>\n<meta property=\"og:type\" content=\"article\" \/>\n<meta property=\"og:title\" content=\"Metode de plat\u0103 - Buchete Criogenate\" \/>\n<meta property=\"og:description\" content=\"METODE DE PLAT\u0102 A PRODUSELOR COMANDATE PE SITE-UL buchetecriogenate.ro 1.SISTEM RAMBURSPlata se va face la livrarea coletului cu produsele comandate de c\u0103tre firma de curierat partener\u0103 Buchete Criogenate. \u00cen func\u021bie de modalitatea de livrare pe care o alege\u021bi (Bucure\u0219ti, Metropolitan [&hellip;]\" \/>\n<meta property=\"og:url\" content=\"https:\/\/buchetecriogenate.ro\/ro\/metode-de-plata\/\" \/>\n<meta property=\"og:site_name\" content=\"Buchete Criogenate\" \/>\n<meta property=\"article:publisher\" content=\"https:\/\/www.facebook.com\/AmoreMiobyGabrielle\" \/>\n<meta property=\"article:modified_time\" content=\"2024-05-27T18:18:09+00:00\" \/>\n<meta name=\"twitter:card\" content=\"summary_large_image\" \/>\n<meta name=\"twitter:label1\" content=\"Timp estimat pentru citire\" \/>\n\t<meta name=\"twitter:data1\" content=\"2 minute\" \/>\n<script type=\"application\/ld+json\" class=\"yoast-schema-graph\">{\"@context\":\"https:\/\/schema.org\",\"@graph\":[{\"@type\":\"WebPage\",\"@id\":\"https:\/\/buchetecriogenate.ro\/metode-de-plata\/\",\"url\":\"https:\/\/buchetecriogenate.ro\/metode-de-plata\/\",\"name\":\"Metode de plat\u0103 - Buchete Criogenate\",\"isPartOf\":{\"@id\":\"https:\/\/buchetecriogenate.ro\/#website\"},\"datePublished\":\"2020-12-05T00:06:22+00:00\",\"dateModified\":\"2024-05-27T18:18:09+00:00\",\"breadcrumb\":{\"@id\":\"https:\/\/buchetecriogenate.ro\/metode-de-plata\/#breadcrumb\"},\"inLanguage\":\"ro-RO\",\"potentialAction\":[{\"@type\":\"ReadAction\",\"target\":[\"https:\/\/buchetecriogenate.ro\/metode-de-plata\/\"]}]},{\"@type\":\"BreadcrumbList\",\"@id\":\"https:\/\/buchetecriogenate.ro\/metode-de-plata\/#breadcrumb\",\"itemListElement\":[{\"@type\":\"ListItem\",\"position\":1,\"name\":\"Home\",\"item\":\"https:\/\/buchetecriogenate.ro\/\"},{\"@type\":\"ListItem\",\"position\":2,\"name\":\"Metode de plat\u0103\"}]},{\"@type\":\"WebSite\",\"@id\":\"https:\/\/buchetecriogenate.ro\/#website\",\"url\":\"https:\/\/buchetecriogenate.ro\/\",\"name\":\"Amore-mio\",\"description\":\"Buchete de flori deosebite\",\"publisher\":{\"@id\":\"https:\/\/buchetecriogenate.ro\/#organization\"},\"potentialAction\":[{\"@type\":\"SearchAction\",\"target\":{\"@type\":\"EntryPoint\",\"urlTemplate\":\"https:\/\/buchetecriogenate.ro\/?s={search_term_string}\"},\"query-input\":\"required name=search_term_string\"}],\"inLanguage\":\"ro-RO\"},{\"@type\":\"Organization\",\"@id\":\"https:\/\/buchetecriogenate.ro\/#organization\",\"name\":\"Amore Mio\",\"url\":\"https:\/\/buchetecriogenate.ro\/\",\"logo\":{\"@type\":\"ImageObject\",\"inLanguage\":\"ro-RO\",\"@id\":\"https:\/\/buchetecriogenate.ro\/#\/schema\/logo\/image\/\",\"url\":\"https:\/\/buchetecriogenate.ro\/wp-content\/uploads\/2020\/12\/logo-amore-mio-gabrielle.png\",\"contentUrl\":\"https:\/\/buchetecriogenate.ro\/wp-content\/uploads\/2020\/12\/logo-amore-mio-gabrielle.png\",\"width\":1090,\"height\":515,\"caption\":\"Amore Mio\"},\"image\":{\"@id\":\"https:\/\/buchetecriogenate.ro\/#\/schema\/logo\/image\/\"},\"sameAs\":[\"https:\/\/www.facebook.com\/AmoreMiobyGabrielle\",\"https:\/\/www.instagram.com\/amoremio.ro\/\"]}]}<\/script>\n<!-- \/ Yoast SEO plugin. -->","yoast_head_json":{"title":"Metode de plat\u0103 - Buchete Criogenate","robots":{"index":"index","follow":"follow","max-snippet":"max-snippet:-1","max-image-preview":"max-image-preview:large","max-video-preview":"max-video-preview:-1"},"canonical":"https:\/\/buchetecriogenate.ro\/ro\/metode-de-plata\/","og_locale":"ro_RO","og_type":"article","og_title":"Metode de plat\u0103 - Buchete Criogenate","og_description":"METODE DE PLAT\u0102 A PRODUSELOR COMANDATE PE SITE-UL buchetecriogenate.ro 1.SISTEM RAMBURSPlata se va face la livrarea coletului cu produsele comandate de c\u0103tre firma de curierat partener\u0103 Buchete Criogenate. \u00cen func\u021bie de modalitatea de livrare pe care o alege\u021bi (Bucure\u0219ti, Metropolitan [&hellip;]","og_url":"https:\/\/buchetecriogenate.ro\/ro\/metode-de-plata\/","og_site_name":"Buchete Criogenate","article_publisher":"https:\/\/www.facebook.com\/AmoreMiobyGabrielle","article_modified_time":"2024-05-27T18:18:09+00:00","twitter_card":"summary_large_image","twitter_misc":{"Timp estimat pentru citire":"2 minute"},"schema":{"@context":"https:\/\/schema.org","@graph":[{"@type":"WebPage","@id":"https:\/\/buchetecriogenate.ro\/metode-de-plata\/","url":"https:\/\/buchetecriogenate.ro\/metode-de-plata\/","name":"Metode de plat\u0103 - Buchete Criogenate","isPartOf":{"@id":"https:\/\/buchetecriogenate.ro\/#website"},"datePublished":"2020-12-05T00:06:22+00:00","dateModified":"2024-05-27T18:18:09+00:00","breadcrumb":{"@id":"https:\/\/buchetecriogenate.ro\/metode-de-plata\/#breadcrumb"},"inLanguage":"ro-RO","potentialAction":[{"@type":"ReadAction","target":["https:\/\/buchetecriogenate.ro\/metode-de-plata\/"]}]},{"@type":"BreadcrumbList","@id":"https:\/\/buchetecriogenate.ro\/metode-de-plata\/#breadcrumb","itemListElement":[{"@type":"ListItem","position":1,"name":"Home","item":"https:\/\/buchetecriogenate.ro\/"},{"@type":"ListItem","position":2,"name":"Metode de plat\u0103"}]},{"@type":"WebSite","@id":"https:\/\/buchetecriogenate.ro\/#website","url":"https:\/\/buchetecriogenate.ro\/","name":"Amore-mio","description":"Buchete de flori deosebite","publisher":{"@id":"https:\/\/buchetecriogenate.ro\/#organization"},"potentialAction":[{"@type":"SearchAction","target":{"@type":"EntryPoint","urlTemplate":"https:\/\/buchetecriogenate.ro\/?s={search_term_string}"},"query-input":"required name=search_term_string"}],"inLanguage":"ro-RO"},{"@type":"Organization","@id":"https:\/\/buchetecriogenate.ro\/#organization","name":"Amore Mio","url":"https:\/\/buchetecriogenate.ro\/","logo":{"@type":"ImageObject","inLanguage":"ro-RO","@id":"https:\/\/buchetecriogenate.ro\/#\/schema\/logo\/image\/","url":"https:\/\/buchetecriogenate.ro\/wp-content\/uploads\/2020\/12\/logo-amore-mio-gabrielle.png","contentUrl":"https:\/\/buchetecriogenate.ro\/wp-content\/uploads\/2020\/12\/logo-amore-mio-gabrielle.png","width":1090,"height":515,"caption":"Amore Mio"},"image":{"@id":"https:\/\/buchetecriogenate.ro\/#\/schema\/logo\/image\/"},"sameAs":["https:\/\/www.facebook.com\/AmoreMiobyGabrielle","https:\/\/www.instagram.com\/amoremio.ro\/"]}]}},"_links":{"self":[{"href":"https:\/\/buchetecriogenate.ro\/ro\/wp-json\/wp\/v2\/pages\/5301"}],"collection":[{"href":"https:\/\/buchetecriogenate.ro\/ro\/wp-json\/wp\/v2\/pages"}],"about":[{"href":"https:\/\/buchetecriogenate.ro\/ro\/wp-json\/wp\/v2\/types\/page"}],"author":[{"embeddable":true,"href":"https:\/\/buchetecriogenate.ro\/ro\/wp-json\/wp\/v2\/users\/1"}],"replies":[{"embeddable":true,"href":"https:\/\/buchetecriogenate.ro\/ro\/wp-json\/wp\/v2\/comments?post=5301"}],"version-history":[{"count":25,"href":"https:\/\/buchetecriogenate.ro\/ro\/wp-json\/wp\/v2\/pages\/5301\/revisions"}],"predecessor-version":[{"id":6722,"href":"https:\/\/buchetecriogenate.ro\/ro\/wp-json\/wp\/v2\/pages\/5301\/revisions\/6722"}],"wp:attachment":[{"href":"https:\/\/buchetecriogenate.ro\/ro\/wp-json\/wp\/v2\/media?parent=5301"}],"curies":[{"name":"wp","href":"https:\/\/api.w.org\/{rel}","templated":true}]}}