{"id":5933,"date":"2021-02-25T22:21:54","date_gmt":"2021-02-25T22:21:54","guid":{"rendered":"https:\/\/buchetecriogenate.ro\/?post_type=product&#038;p=5933"},"modified":"2024-05-28T10:57:37","modified_gmt":"2024-05-28T10:57:37","slug":"ghiveci-geranium-artificial","status":"publish","type":"product","link":"https:\/\/buchetecriogenate.ro\/ro\/product\/ghiveci-geranium-artificial\/","title":{"rendered":"Ghiveci geranium artificial"},"content":{"rendered":"<p>Geranium artificial \u00een ghiveci<br \/>\nFie c\u0103 vorbim de locuin\u021b\u0103 sau de birou, ghiveciul cu geranium artificial este o alegere perfect\u0103 pentru un decor modern. Acesta are numeroase flori \u0219i frunze din materiale de calitate. Ideal pentru persoanele foarte ocupate sau pentru spa\u021biile slab luminate, aceast\u0103 \u00ee\u0219i va p\u0103stra aspectul natural pentru o perioad\u0103 \u00eendelungat\u0103 f\u0103r\u0103 a necesita \u00eengrijire.<\/p>\n","protected":false},"excerpt":{"rendered":"<p>Geranium artificial \u00een ghiveci<br \/>\nFie c\u0103 vorbim de locuin\u021b\u0103 sau de birou, ghiveciul cu geranium artificial este o alegere perfect\u0103 pentru un decor modern. Acesta are numeroase flori \u0219i frunze din materiale de calitate. Ideal pentru persoanele foarte ocupate sau pentru spa\u021biile slab luminate, aceast\u0103 \u00ee\u0219i va p\u0103stra aspectul natural pentru o perioad\u0103 \u00eendelungat\u0103 f\u0103r\u0103 a necesita \u00eengrijire.<\/p>\n","protected":false},"featured_media":5937,"comment_status":"open","ping_status":"closed","template":"","meta":[],"product_cat":[114],"product_tag":[],"yoast_head":"<!-- This site is optimized with the Yoast SEO plugin v21.5 - https:\/\/yoast.com\/wordpress\/plugins\/seo\/ -->\n<title>Ghiveci geranium artificial - Buchete Criogenate - comanda online<\/title>\n<meta name=\"description\" content=\"Fie c\u0103 vorbim de locuin\u021b\u0103 sau de birou, ghiveciul cu geranium artificial este o alegere perfect\u0103 pentru un decor modern.\" \/>\n<meta name=\"robots\" content=\"index, follow, max-snippet:-1, max-image-preview:large, max-video-preview:-1\" \/>\n<link rel=\"canonical\" href=\"https:\/\/buchetecriogenate.ro\/ro\/product\/ghiveci-geranium-artificial\/\" \/>\n<meta property=\"og:locale\" content=\"ro_RO\" \/>\n<meta property=\"og:type\" content=\"article\" \/>\n<meta property=\"og:title\" content=\"Ghiveci geranium artificial - Buchete Criogenate - comanda online\" \/>\n<meta property=\"og:description\" content=\"Fie c\u0103 vorbim de locuin\u021b\u0103 sau de birou, ghiveciul cu geranium artificial este o alegere perfect\u0103 pentru un decor modern.\" \/>\n<meta property=\"og:url\" content=\"https:\/\/buchetecriogenate.ro\/ro\/product\/ghiveci-geranium-artificial\/\" \/>\n<meta property=\"og:site_name\" content=\"Buchete Criogenate\" \/>\n<meta property=\"article:publisher\" content=\"https:\/\/www.facebook.com\/AmoreMiobyGabrielle\" \/>\n<meta property=\"article:modified_time\" content=\"2024-05-28T10:57:37+00:00\" \/>\n<meta property=\"og:image\" content=\"https:\/\/buchetecriogenate.ro\/wp-content\/uploads\/2021\/02\/amore-mio-flori-artificiale-edg-7-scaled.jpg\" \/>\n\t<meta property=\"og:image:width\" content=\"2249\" \/>\n\t<meta property=\"og:image:height\" content=\"2560\" \/>\n\t<meta property=\"og:image:type\" content=\"image\/jpeg\" \/>\n<meta name=\"twitter:card\" content=\"summary_large_image\" \/>\n<meta name=\"twitter:label1\" content=\"Timp estimat pentru citire\" \/>\n\t<meta name=\"twitter:data1\" content=\"1 minut\" \/>\n<script type=\"application\/ld+json\" class=\"yoast-schema-graph\">{\"@context\":\"https:\/\/schema.org\",\"@graph\":[{\"@type\":\"WebPage\",\"@id\":\"https:\/\/buchetecriogenate.ro\/product\/ghiveci-geranium-artificial\/\",\"url\":\"https:\/\/buchetecriogenate.ro\/product\/ghiveci-geranium-artificial\/\",\"name\":\"Ghiveci geranium artificial - Buchete Criogenate - comanda online\",\"isPartOf\":{\"@id\":\"https:\/\/buchetecriogenate.ro\/#website\"},\"datePublished\":\"2021-02-25T22:21:54+00:00\",\"dateModified\":\"2024-05-28T10:57:37+00:00\",\"description\":\"Fie c\u0103 vorbim de locuin\u021b\u0103 sau de birou, ghiveciul cu geranium artificial este o alegere perfect\u0103 pentru un decor modern.\",\"breadcrumb\":{\"@id\":\"https:\/\/buchetecriogenate.ro\/product\/ghiveci-geranium-artificial\/#breadcrumb\"},\"inLanguage\":\"ro-RO\",\"potentialAction\":[{\"@type\":\"ReadAction\",\"target\":[\"https:\/\/buchetecriogenate.ro\/product\/ghiveci-geranium-artificial\/\"]}]},{\"@type\":\"BreadcrumbList\",\"@id\":\"https:\/\/buchetecriogenate.ro\/product\/ghiveci-geranium-artificial\/#breadcrumb\",\"itemListElement\":[{\"@type\":\"ListItem\",\"position\":1,\"name\":\"Home\",\"item\":\"https:\/\/buchetecriogenate.ro\/\"},{\"@type\":\"ListItem\",\"position\":2,\"name\":\"Shop\",\"item\":\"https:\/\/buchetecriogenate.ro\/shop\/\"},{\"@type\":\"ListItem\",\"position\":3,\"name\":\"Ghiveci geranium artificial\"}]},{\"@type\":\"WebSite\",\"@id\":\"https:\/\/buchetecriogenate.ro\/#website\",\"url\":\"https:\/\/buchetecriogenate.ro\/\",\"name\":\"Amore-mio\",\"description\":\"Buchete de flori deosebite\",\"publisher\":{\"@id\":\"https:\/\/buchetecriogenate.ro\/#organization\"},\"potentialAction\":[{\"@type\":\"SearchAction\",\"target\":{\"@type\":\"EntryPoint\",\"urlTemplate\":\"https:\/\/buchetecriogenate.ro\/?s={search_term_string}\"},\"query-input\":\"required name=search_term_string\"}],\"inLanguage\":\"ro-RO\"},{\"@type\":\"Organization\",\"@id\":\"https:\/\/buchetecriogenate.ro\/#organization\",\"name\":\"Amore Mio\",\"url\":\"https:\/\/buchetecriogenate.ro\/\",\"logo\":{\"@type\":\"ImageObject\",\"inLanguage\":\"ro-RO\",\"@id\":\"https:\/\/buchetecriogenate.ro\/#\/schema\/logo\/image\/\",\"url\":\"https:\/\/buchetecriogenate.ro\/wp-content\/uploads\/2020\/12\/logo-amore-mio-gabrielle.png\",\"contentUrl\":\"https:\/\/buchetecriogenate.ro\/wp-content\/uploads\/2020\/12\/logo-amore-mio-gabrielle.png\",\"width\":1090,\"height\":515,\"caption\":\"Amore Mio\"},\"image\":{\"@id\":\"https:\/\/buchetecriogenate.ro\/#\/schema\/logo\/image\/\"},\"sameAs\":[\"https:\/\/www.facebook.com\/AmoreMiobyGabrielle\",\"https:\/\/www.instagram.com\/amoremio.ro\/\"]}]}<\/script>\n<!-- \/ Yoast SEO plugin. -->","yoast_head_json":{"title":"Ghiveci geranium artificial - Buchete Criogenate - comanda online","description":"Fie c\u0103 vorbim de locuin\u021b\u0103 sau de birou, ghiveciul cu geranium artificial este o alegere perfect\u0103 pentru un decor modern.","robots":{"index":"index","follow":"follow","max-snippet":"max-snippet:-1","max-image-preview":"max-image-preview:large","max-video-preview":"max-video-preview:-1"},"canonical":"https:\/\/buchetecriogenate.ro\/ro\/product\/ghiveci-geranium-artificial\/","og_locale":"ro_RO","og_type":"article","og_title":"Ghiveci geranium artificial - Buchete Criogenate - comanda online","og_description":"Fie c\u0103 vorbim de locuin\u021b\u0103 sau de birou, ghiveciul cu geranium artificial este o alegere perfect\u0103 pentru un decor modern.","og_url":"https:\/\/buchetecriogenate.ro\/ro\/product\/ghiveci-geranium-artificial\/","og_site_name":"Buchete Criogenate","article_publisher":"https:\/\/www.facebook.com\/AmoreMiobyGabrielle","article_modified_time":"2024-05-28T10:57:37+00:00","og_image":[{"width":2249,"height":2560,"url":"https:\/\/buchetecriogenate.ro\/wp-content\/uploads\/2021\/02\/amore-mio-flori-artificiale-edg-7-scaled.jpg","type":"image\/jpeg"}],"twitter_card":"summary_large_image","twitter_misc":{"Timp estimat pentru citire":"1 minut"},"schema":{"@context":"https:\/\/schema.org","@graph":[{"@type":"WebPage","@id":"https:\/\/buchetecriogenate.ro\/product\/ghiveci-geranium-artificial\/","url":"https:\/\/buchetecriogenate.ro\/product\/ghiveci-geranium-artificial\/","name":"Ghiveci geranium artificial - Buchete Criogenate - comanda online","isPartOf":{"@id":"https:\/\/buchetecriogenate.ro\/#website"},"datePublished":"2021-02-25T22:21:54+00:00","dateModified":"2024-05-28T10:57:37+00:00","description":"Fie c\u0103 vorbim de locuin\u021b\u0103 sau de birou, ghiveciul cu geranium artificial este o alegere perfect\u0103 pentru un decor modern.","breadcrumb":{"@id":"https:\/\/buchetecriogenate.ro\/product\/ghiveci-geranium-artificial\/#breadcrumb"},"inLanguage":"ro-RO","potentialAction":[{"@type":"ReadAction","target":["https:\/\/buchetecriogenate.ro\/product\/ghiveci-geranium-artificial\/"]}]},{"@type":"BreadcrumbList","@id":"https:\/\/buchetecriogenate.ro\/product\/ghiveci-geranium-artificial\/#breadcrumb","itemListElement":[{"@type":"ListItem","position":1,"name":"Home","item":"https:\/\/buchetecriogenate.ro\/"},{"@type":"ListItem","position":2,"name":"Shop","item":"https:\/\/buchetecriogenate.ro\/shop\/"},{"@type":"ListItem","position":3,"name":"Ghiveci geranium artificial"}]},{"@type":"WebSite","@id":"https:\/\/buchetecriogenate.ro\/#website","url":"https:\/\/buchetecriogenate.ro\/","name":"Amore-mio","description":"Buchete de flori deosebite","publisher":{"@id":"https:\/\/buchetecriogenate.ro\/#organization"},"potentialAction":[{"@type":"SearchAction","target":{"@type":"EntryPoint","urlTemplate":"https:\/\/buchetecriogenate.ro\/?s={search_term_string}"},"query-input":"required name=search_term_string"}],"inLanguage":"ro-RO"},{"@type":"Organization","@id":"https:\/\/buchetecriogenate.ro\/#organization","name":"Amore Mio","url":"https:\/\/buchetecriogenate.ro\/","logo":{"@type":"ImageObject","inLanguage":"ro-RO","@id":"https:\/\/buchetecriogenate.ro\/#\/schema\/logo\/image\/","url":"https:\/\/buchetecriogenate.ro\/wp-content\/uploads\/2020\/12\/logo-amore-mio-gabrielle.png","contentUrl":"https:\/\/buchetecriogenate.ro\/wp-content\/uploads\/2020\/12\/logo-amore-mio-gabrielle.png","width":1090,"height":515,"caption":"Amore Mio"},"image":{"@id":"https:\/\/buchetecriogenate.ro\/#\/schema\/logo\/image\/"},"sameAs":["https:\/\/www.facebook.com\/AmoreMiobyGabrielle","https:\/\/www.instagram.com\/amoremio.ro\/"]}]}},"_links":{"self":[{"href":"https:\/\/buchetecriogenate.ro\/ro\/wp-json\/wp\/v2\/product\/5933"}],"collection":[{"href":"https:\/\/buchetecriogenate.ro\/ro\/wp-json\/wp\/v2\/product"}],"about":[{"href":"https:\/\/buchetecriogenate.ro\/ro\/wp-json\/wp\/v2\/types\/product"}],"replies":[{"embeddable":true,"href":"https:\/\/buchetecriogenate.ro\/ro\/wp-json\/wp\/v2\/comments?post=5933"}],"wp:featuredmedia":[{"embeddable":true,"href":"https:\/\/buchetecriogenate.ro\/ro\/wp-json\/wp\/v2\/media\/5937"}],"wp:attachment":[{"href":"https:\/\/buchetecriogenate.ro\/ro\/wp-json\/wp\/v2\/media?parent=5933"}],"wp:term":[{"taxonomy":"product_cat","embeddable":true,"href":"https:\/\/buchetecriogenate.ro\/ro\/wp-json\/wp\/v2\/product_cat?post=5933"},{"taxonomy":"product_tag","embeddable":true,"href":"https:\/\/buchetecriogenate.ro\/ro\/wp-json\/wp\/v2\/product_tag?post=5933"}],"curies":[{"name":"wp","href":"https:\/\/api.w.org\/{rel}","templated":true}]}}